{"id":2691,"date":"2022-06-14T02:50:02","date_gmt":"2022-06-14T02:50:02","guid":{"rendered":"https:\/\/www.ur-textiles.com\/?post_type=product&#038;p=2691"},"modified":"2022-07-01T01:16:23","modified_gmt":"2022-07-01T01:16:23","slug":"united-nations-disaster-relief-account","status":"publish","type":"product","link":"https:\/\/ur-textiles.com\/pt\/produto\/united-nations-disaster-relief-account\/","title":{"rendered":"Fabricantes de tecidos para tendas de emerg\u00eancia das Na\u00e7\u00f5es Unidas"},"content":{"rendered":"<p>Fabricantes de tecidos para tendas de socorro em desastres das Na\u00e7\u00f5es Unidas\uff1a<a href=\"https:\/\/ur-textiles.com\/pt\/categoria-produto\/tent-fabric-wholesale\/\">UR Textiles<\/a><\/p>","protected":false},"excerpt":{"rendered":"<p>Fabricantes de tecidos para tendas de emerg\u00eancia das Na\u00e7\u00f5es Unidas<\/p>\n<p>Material externo da barraca: encerado branco revestido de seda preta refor\u00e7ado pe<\/p>\n<p>Material interno da barraca: algod\u00e3o<\/p>\n<p>Suporte: haste de alum\u00ednio<\/p>","protected":false},"featured_media":2696,"comment_status":"open","ping_status":"closed","template":"","meta":{"site-sidebar-layout":"default","site-content-layout":"default","ast-site-content-layout":"default","site-content-style":"default","site-sidebar-style":"default","ast-global-header-display":"","ast-banner-title-visibility":"","ast-main-header-display":"","ast-hfb-above-header-display":"","ast-hfb-below-header-display":"","ast-hfb-mobile-header-display":"","site-post-title":"","ast-breadcrumbs-content":"","ast-featured-img":"","footer-sml-layout":"","ast-disable-related-posts":"","theme-transparent-header-meta":"default","adv-header-id-meta":"","stick-header-meta":"","header-above-stick-meta":"","header-main-stick-meta":"","header-below-stick-meta":"","astra-migrate-meta-layouts":"default","ast-page-background-enabled":"default","ast-page-background-meta":{"desktop":{"background-color":"","background-image":"","background-repeat":"repeat","background-position":"center center","background-size":"auto","background-attachment":"scroll","background-type":"","background-media":"","overlay-type":"","overlay-color":"","overlay-opacity":"","overlay-gradient":""},"tablet":{"background-color":"","background-image":"","background-repeat":"repeat","background-position":"center center","background-size":"auto","background-attachment":"scroll","background-type":"","background-media":"","overlay-type":"","overlay-color":"","overlay-opacity":"","overlay-gradient":""},"mobile":{"background-color":"","background-image":"","background-repeat":"repeat","background-position":"center center","background-size":"auto","background-attachment":"scroll","background-type":"","background-media":"","overlay-type":"","overlay-color":"","overlay-opacity":"","overlay-gradient":""}},"ast-content-background-meta":{"desktop":{"background-color":"var(--ast-global-color-5)","background-image":"","background-repeat":"repeat","background-position":"center center","background-size":"auto","background-attachment":"scroll","background-type":"","background-media":"","overlay-type":"","overlay-color":"","overlay-opacity":"","overlay-gradient":""},"tablet":{"background-color":"var(--ast-global-color-5)","background-image":"","background-repeat":"repeat","background-position":"center center","background-size":"auto","background-attachment":"scroll","background-type":"","background-media":"","overlay-type":"","overlay-color":"","overlay-opacity":"","overlay-gradient":""},"mobile":{"background-color":"var(--ast-global-color-5)","background-image":"","background-repeat":"repeat","background-position":"center center","background-size":"auto","background-attachment":"scroll","background-type":"","background-media":"","overlay-type":"","overlay-color":"","overlay-opacity":"","overlay-gradient":""}}},"product_brand":[],"product_cat":[97],"product_tag":[],"class_list":{"0":"post-2691","1":"product","2":"type-product","3":"status-publish","4":"has-post-thumbnail","6":"product_cat-tent-fabric-wholesale","7":"desktop-align-left","8":"tablet-align-left","9":"mobile-align-left","11":"first","12":"instock","13":"shipping-taxable","14":"product-type-simple"},"_links":{"self":[{"href":"https:\/\/ur-textiles.com\/pt\/wp-json\/wp\/v2\/product\/2691","targetHints":{"allow":["GET"]}}],"collection":[{"href":"https:\/\/ur-textiles.com\/pt\/wp-json\/wp\/v2\/product"}],"about":[{"href":"https:\/\/ur-textiles.com\/pt\/wp-json\/wp\/v2\/types\/product"}],"replies":[{"embeddable":true,"href":"https:\/\/ur-textiles.com\/pt\/wp-json\/wp\/v2\/comments?post=2691"}],"wp:featuredmedia":[{"embeddable":true,"href":"https:\/\/ur-textiles.com\/pt\/wp-json\/wp\/v2\/media\/2696"}],"wp:attachment":[{"href":"https:\/\/ur-textiles.com\/pt\/wp-json\/wp\/v2\/media?parent=2691"}],"wp:term":[{"taxonomy":"product_brand","embeddable":true,"href":"https:\/\/ur-textiles.com\/pt\/wp-json\/wp\/v2\/product_brand?post=2691"},{"taxonomy":"product_cat","embeddable":true,"href":"https:\/\/ur-textiles.com\/pt\/wp-json\/wp\/v2\/product_cat?post=2691"},{"taxonomy":"product_tag","embeddable":true,"href":"https:\/\/ur-textiles.com\/pt\/wp-json\/wp\/v2\/product_tag?post=2691"}],"curies":[{"name":"wp","href":"https:\/\/api.w.org\/{rel}","templated":true}]}}