{"id":420,"date":"2021-08-02T08:13:27","date_gmt":"2021-08-02T08:13:27","guid":{"rendered":"https:\/\/www.ur-textiles.com\/?page_id=420"},"modified":"2022-06-20T03:29:59","modified_gmt":"2022-06-20T03:29:59","slug":"recycled-fiber-fabric-manufacturer","status":"publish","type":"page","link":"https:\/\/ur-textiles.com\/pt\/recycled-fiber-fabric-manufacturer\/","title":{"rendered":"Tecido de Fibra Reciclada"},"content":{"rendered":"<div data-elementor-type=\"wp-page\" data-elementor-id=\"420\" class=\"elementor elementor-420\" data-elementor-post-type=\"page\">\n\t\t\t\t\t\t<section class=\"elementor-section elementor-top-section elementor-element elementor-element-1b95707 elementor-section-full_width elementor-section-height-min-height elementor-section-height-default elementor-section-items-middle\" data-id=\"1b95707\" data-element_type=\"section\" data-settings=\"{&quot;background_background&quot;:&quot;classic&quot;}\">\n\t\t\t\t\t\t<div class=\"elementor-container elementor-column-gap-default\">\n\t\t\t\t\t<div class=\"elementor-column elementor-col-100 elementor-top-column elementor-element elementor-element-3c9a723a\" data-id=\"3c9a723a\" data-element_type=\"column\">\n\t\t\t<div class=\"elementor-widget-wrap elementor-element-populated\">\n\t\t\t\t\t\t<div class=\"elementor-element elementor-element-c0d7b01 uael-heading-align-center elementor-widget elementor-widget-uael-advanced-heading\" data-id=\"c0d7b01\" data-element_type=\"widget\" data-widget_type=\"uael-advanced-heading.default\">\n\t\t\t\t<div class=\"elementor-widget-container\">\n\t\t\t\t\t\n\t\t<div class=\"uael-module-content uael-heading-wrapper\">\n\t\t\t\t\t\t<div class=\"uael-module-content uael-separator-parent\">\n\t\t\t\t\t\t\t\t<div class=\"uael-separator-wrap\">\n\t\t\t\t\t<div class=\"uael-separator-line uael-side-left\">\n\t\t\t\t\t\t<span><\/span>\n\t\t\t\t\t<\/div>\n\t\t\t\t\t<div class=\"uael-divider-content\">\n\t\t\t\t\t\t\t\t\t\t\t\t<h3 class=\"uael-divider-text elementor-inline-editing\" data-elementor-setting-key=\"heading_line_text\" data-elementor-inline-editing-toolbar=\"basic\">UR Textiles<\/h3>\n\t\t\t\t\t<\/div>\n\t\t\t\t\t<div class=\"uael-separator-line uael-side-right\">\n\t\t\t\t\t\t<span><\/span>\n\t\t\t\t\t<\/div>\n\t\t\t\t<\/div>\n\t\t\t\t\t\t\t\t\t\t<\/div>\n\t\t\t\t\t\t\n\t\t\t<h1 class=\"uael-heading\">\n\t\t\t\t\t\t\t\t\t\t<span class=\"uael-heading-text elementor-inline-editing uael-size--default\" data-elementor-setting-key=\"heading_title\" data-elementor-inline-editing-toolbar=\"basic\">Fabricante de tecido de fibra reciclada na China<\/span>\n\t\t\t\t\t\t\t<\/h1>\n\n\t\t\t\n\t\t\t\n\t\t\t\t\t\t\t<div class=\"uael-subheading elementor-inline-editing\" data-elementor-setting-key=\"heading_description\" data-elementor-inline-editing-toolbar=\"advanced\" >\n\t\t\t\t\tFornecedor de solu\u00e7\u00f5es t\u00eaxteis flex\u00edveis\t\t\t\t<\/div>\n\t\t\t\t\n\t\t\t\t\t\t<\/div>\n\t\t\t\t\t\t<\/div>\n\t\t\t\t<\/div>\n\t\t\t\t\t<\/div>\n\t\t<\/div>\n\t\t\t\t\t<\/div>\n\t\t<\/section>\n\t\t\t\t<section class=\"elementor-section elementor-top-section elementor-element elementor-element-61282f8b elementor-section-boxed elementor-section-height-default elementor-section-height-default\" data-id=\"61282f8b\" data-element_type=\"section\">\n\t\t\t\t\t\t<div class=\"elementor-container elementor-column-gap-default\">\n\t\t\t\t\t<div class=\"elementor-column elementor-col-50 elementor-top-column elementor-element elementor-element-757e2a8d\" data-id=\"757e2a8d\" data-element_type=\"column\">\n\t\t\t<div class=\"elementor-widget-wrap elementor-element-populated\">\n\t\t\t\t\t\t<div class=\"elementor-element elementor-element-5933a5bb elementor-arrows-position-outside elementor-pagination-position-outside elementor-widget elementor-widget-image-carousel\" data-id=\"5933a5bb\" data-element_type=\"widget\" data-settings=\"{&quot;slides_to_show&quot;:&quot;1&quot;,&quot;navigation&quot;:&quot;both&quot;,&quot;autoplay&quot;:&quot;yes&quot;,&quot;pause_on_hover&quot;:&quot;yes&quot;,&quot;pause_on_interaction&quot;:&quot;yes&quot;,&quot;autoplay_speed&quot;:5000,&quot;infinite&quot;:&quot;yes&quot;,&quot;effect&quot;:&quot;slide&quot;,&quot;speed&quot;:500}\" data-widget_type=\"image-carousel.default\">\n\t\t\t\t<div class=\"elementor-widget-container\">\n\t\t\t\t\t\t\t<div class=\"elementor-image-carousel-wrapper swiper\" role=\"region\" aria-roledescription=\"carousel\" aria-label=\"\u0639\u0627\u0631\u0636 \u0627\u0644\u0635\u0648\u0631\" dir=\"ltr\">\n\t\t\t<div class=\"elementor-image-carousel swiper-wrapper\" aria-live=\"off\">\n\t\t\t\t\t\t\t\t<div class=\"swiper-slide\" role=\"group\" aria-roledescription=\"slide\" aria-label=\"1 \u0645\u0646 1\" data-no-translation-aria-label=\"\"><figure class=\"swiper-slide-inner\"><img decoding=\"async\" class=\"swiper-slide-image\" src=\"https:\/\/ur-textiles.com\/wp-content\/uploads\/2021\/08\/recycled-fabric.jpg\" alt=\"white and blue satin fabric for background\" title=\"\"><\/figure><\/div>\t\t\t<\/div>\n\t\t\t\t\t<\/div>\n\t\t\t\t\t\t<\/div>\n\t\t\t\t<\/div>\n\t\t\t\t\t<\/div>\n\t\t<\/div>\n\t\t\t\t<div class=\"elementor-column elementor-col-50 elementor-top-column elementor-element elementor-element-3bae2f97\" data-id=\"3bae2f97\" data-element_type=\"column\">\n\t\t\t<div class=\"elementor-widget-wrap elementor-element-populated\">\n\t\t\t\t\t\t<div class=\"elementor-element elementor-element-203c4533 elementor-widget elementor-widget-heading\" data-id=\"203c4533\" data-element_type=\"widget\" data-widget_type=\"heading.default\">\n\t\t\t\t<div class=\"elementor-widget-container\">\n\t\t\t\t\t<h2 class=\"elementor-heading-title elementor-size-default\">Tecido de fibra reciclada<\/h2>\t\t\t\t<\/div>\n\t\t\t\t<\/div>\n\t\t\t\t<div class=\"elementor-element elementor-element-64544d00 elementor-widget elementor-widget-text-editor\" data-id=\"64544d00\" data-element_type=\"widget\" data-widget_type=\"text-editor.default\">\n\t\t\t\t<div class=\"elementor-widget-container\">\n\t\t\t\t\t\t\t\t\t<p>Os tecidos de fibra reciclada, tamb\u00e9m chamados de tecidos de rayon, s\u00e3o feitos de uma variedade de fibras recicladas. A produ\u00e7\u00e3o da fibra reciclada \u00e9 inspirada nos bichos da seda cuspindo seda, usando compostos de pol\u00edmeros naturais como celulose e prote\u00ednas como mat\u00e9rias-primas, e depois transformados em uma solu\u00e7\u00e3o polim\u00e9rica concentrada por processamento qu\u00edmico, sendo posteriormente fiados e p\u00f3s-tratados para fazer a fibra t\u00eaxtil.<\/p><p>As fibras recicladas s\u00e3o feitas de fios de pl\u00e1stico reciclado em todo o mundo. As fibras recicladas s\u00e3o caracterizadas por uma melhor qualidade e uma sensa\u00e7\u00e3o mais confort\u00e1vel.<\/p>\t\t\t\t\t\t\t\t<\/div>\n\t\t\t\t<\/div>\n\t\t\t\t<div class=\"elementor-element elementor-element-ed31a26 elementor-headline--style-highlight elementor-widget elementor-widget-animated-headline\" data-id=\"ed31a26\" data-element_type=\"widget\" data-settings=\"{&quot;highlighted_text&quot;:&quot;$0.8-$5\\\/meter&quot;,&quot;highlight_iteration_delay&quot;:1800,&quot;headline_style&quot;:&quot;highlight&quot;,&quot;marker&quot;:&quot;circle&quot;,&quot;loop&quot;:&quot;yes&quot;,&quot;highlight_animation_duration&quot;:1200}\" data-widget_type=\"animated-headline.default\">\n\t\t\t\t<div class=\"elementor-widget-container\">\n\t\t\t\t\t\t\t<p class=\"elementor-headline\">\n\t\t\t\t\t<span class=\"elementor-headline-plain-text elementor-headline-text-wrapper\">Pre\u00e7o por atacado:<\/span>\n\t\t\t\t<span class=\"elementor-headline-dynamic-wrapper elementor-headline-text-wrapper\">\n\t\t\t\t\t<span class=\"elementor-headline-dynamic-text elementor-headline-text-active\">$0.8-$5\/metro<\/span>\n\t\t\t\t<\/span>\n\t\t\t\t<\/p>\n\t\t\t\t\t\t<\/div>\n\t\t\t\t<\/div>\n\t\t\t\t<div class=\"elementor-element elementor-element-73831ae1 elementor-align-left elementor-widget elementor-widget-button\" data-id=\"73831ae1\" data-element_type=\"widget\" data-widget_type=\"button.default\">\n\t\t\t\t<div class=\"elementor-widget-container\">\n\t\t\t\t\t\t\t\t\t<div class=\"elementor-button-wrapper\">\n\t\t\t\t\t<a class=\"elementor-button elementor-button-link elementor-size-sm\" href=\"https:\/\/ur-textiles.com\/pt\/contact-us\/\">\n\t\t\t\t\t\t<span class=\"elementor-button-content-wrapper\">\n\t\t\t\t\t\t\t\t\t<span class=\"elementor-button-text\">Entre em contato conosco agora<\/span>\n\t\t\t\t\t<\/span>\n\t\t\t\t\t<\/a>\n\t\t\t\t<\/div>\n\t\t\t\t\t\t\t\t<\/div>\n\t\t\t\t<\/div>\n\t\t\t\t\t<\/div>\n\t\t<\/div>\n\t\t\t\t\t<\/div>\n\t\t<\/section>\n\t\t\t\t<section class=\"elementor-section elementor-top-section elementor-element elementor-element-1930911d elementor-section-boxed elementor-section-height-default elementor-section-height-default\" data-id=\"1930911d\" data-element_type=\"section\">\n\t\t\t\t\t\t<div class=\"elementor-container elementor-column-gap-default\">\n\t\t\t\t\t<div class=\"elementor-column elementor-col-100 elementor-top-column elementor-element elementor-element-69a3a822\" data-id=\"69a3a822\" data-element_type=\"column\">\n\t\t\t<div class=\"elementor-widget-wrap elementor-element-populated\">\n\t\t\t\t\t\t<div class=\"elementor-element elementor-element-28dafc71 elementor-tabs-view-horizontal elementor-widget elementor-widget-tabs\" data-id=\"28dafc71\" data-element_type=\"widget\" data-widget_type=\"tabs.default\">\n\t\t\t\t<div class=\"elementor-widget-container\">\n\t\t\t\t\t\t\t<div class=\"elementor-tabs\">\n\t\t\t<div class=\"elementor-tabs-wrapper\" role=\"tablist\" >\n\t\t\t\t\t\t\t\t\t<div id=\"elementor-tab-title-6851\" class=\"elementor-tab-title elementor-tab-desktop-title\" aria-selected=\"true\" data-tab=\"1\" role=\"tab\" tabindex=\"0\" aria-controls=\"elementor-tab-content-6851\" aria-expanded=\"false\">Descri\u00e7\u00e3o do Produto<\/div>\n\t\t\t\t\t\t\t\t\t<div id=\"elementor-tab-title-6852\" class=\"elementor-tab-title elementor-tab-desktop-title\" aria-selected=\"false\" data-tab=\"2\" role=\"tab\" tabindex=\"-1\" aria-controls=\"elementor-tab-content-6852\" aria-expanded=\"false\">informa\u00e7\u00e3o adicional<\/div>\n\t\t\t\t\t\t\t<\/div>\n\t\t\t<div class=\"elementor-tabs-content-wrapper\" role=\"tablist\" aria-orientation=\"vertical\">\n\t\t\t\t\t\t\t\t\t<div class=\"elementor-tab-title elementor-tab-mobile-title\" aria-selected=\"true\" data-tab=\"1\" role=\"tab\" tabindex=\"0\" aria-controls=\"elementor-tab-content-6851\" aria-expanded=\"false\">Descri\u00e7\u00e3o do Produto<\/div>\n\t\t\t\t\t<div id=\"elementor-tab-content-6851\" class=\"elementor-tab-content elementor-clearfix\" data-tab=\"1\" role=\"tabpanel\" aria-labelledby=\"elementor-tab-title-6851\" tabindex=\"0\" hidden=\"false\"><table width=\"542\"><tbody><tr><td width=\"206\">Tipo de fornecimento:<\/td><td width=\"336\">\u00a0Fazer sob encomenda<\/td><\/tr><tr><td width=\"206\">Material:<\/td><td>\u00a0Tecido de poli\u00e9ster 100%<\/td><\/tr><tr><td width=\"206\">Modelo:<\/td><td>Tecido de fibra reciclada<\/td><\/tr><tr><td width=\"206\">Tipos de fibra:<\/td><td>\u00a0Filamento<\/td><\/tr><tr><td width=\"206\">Densidade:<\/td><td>\u00a0Costumiza\u00e7\u00e3o<\/td><\/tr><tr><td width=\"206\">Padr\u00e3o:<\/td><td>\u00a0Tingido<\/td><\/tr><tr><td width=\"206\">Peso:<\/td><td>\u00a0De acordo com as necessidades do cliente<\/td><\/tr><tr><td width=\"206\">Largura:<\/td><td>\u00a0180-350 cm<\/td><\/tr><tr><td width=\"206\">Detalhes de entrega:<\/td><td>\u00a05 dias a 10 dias<\/td><\/tr><tr><td width=\"206\">Uso do aplicativo:<\/td><td>\u00a0Vestu\u00e1rio, t\u00eaxteis dom\u00e9sticos, etc.<\/td><\/tr><tr><td width=\"206\">Fun\u00e7\u00e3o:<\/td><td>\u00a0Anti-est\u00e1tico, resistente ao encolhimento<\/td><\/tr><tr><td width=\"206\">Caracter\u00edstica f\u00edsica:<\/td><td>\u00a0For\u00e7a m\u00e9dia<\/td><\/tr><\/tbody><\/table><\/div>\n\t\t\t\t\t\t\t\t\t<div class=\"elementor-tab-title elementor-tab-mobile-title\" aria-selected=\"false\" data-tab=\"2\" role=\"tab\" tabindex=\"-1\" aria-controls=\"elementor-tab-content-6852\" aria-expanded=\"false\">informa\u00e7\u00e3o adicional<\/div>\n\t\t\t\t\t<div id=\"elementor-tab-content-6852\" class=\"elementor-tab-content elementor-clearfix\" data-tab=\"2\" role=\"tabpanel\" aria-labelledby=\"elementor-tab-title-6852\" tabindex=\"0\" hidden=\"hidden\"><table width=\"542\"><tbody><tr><td width=\"206\">Tipo de pagamento:<\/td><td width=\"336\">\u00a0T \/ T ou L \/ C<\/td><\/tr><tr><td width=\"206\">Termos de troca:<\/td><td>\u00a0FOB, CFR, CIF<\/td><\/tr><tr><td width=\"206\">Min. Pedido:<\/td><td>\u00a05000 metros<\/td><\/tr><tr><td width=\"206\">Embalagem:<\/td><td>\u00a0Por rolo ou de acordo com a necessidade do cliente.<\/td><\/tr><tr><td width=\"206\">Marca:<\/td><td>\u00a0UR T\u00eaxtil<\/td><\/tr><tr><td width=\"206\">Transporte:<\/td><td>\u00a0Frete ou A\u00e9reo<\/td><\/tr><tr><td width=\"206\">Lugar de origem:<\/td><td>\u00a0China<\/td><\/tr><tr><td width=\"206\">Capacidade de fornecimento:<\/td><td>\u00a050.000 metros por dia<\/td><\/tr><tr><td width=\"206\">Certificado:<\/td><td>\u00a0Oeko-tex padr\u00e3o 100, EN, SGS, ITS<\/td><\/tr><\/tbody><\/table><\/div>\n\t\t\t\t\t\t\t<\/div>\n\t\t<\/div>\n\t\t\t\t\t\t<\/div>\n\t\t\t\t<\/div>\n\t\t\t\t\t<\/div>\n\t\t<\/div>\n\t\t\t\t\t<\/div>\n\t\t<\/section>\n\t\t\t\t<section class=\"elementor-section elementor-top-section elementor-element elementor-element-15b477af elementor-section-boxed elementor-section-height-default elementor-section-height-default\" data-id=\"15b477af\" data-element_type=\"section\">\n\t\t\t\t\t\t<div class=\"elementor-container elementor-column-gap-default\">\n\t\t\t\t\t<div class=\"elementor-column elementor-col-100 elementor-top-column elementor-element elementor-element-6dff1284\" data-id=\"6dff1284\" data-element_type=\"column\">\n\t\t\t<div class=\"elementor-widget-wrap elementor-element-populated\">\n\t\t\t\t\t\t<div class=\"elementor-element elementor-element-31b91e1d elementor-widget elementor-widget-heading\" data-id=\"31b91e1d\" data-element_type=\"widget\" data-widget_type=\"heading.default\">\n\t\t\t\t<div class=\"elementor-widget-container\">\n\t\t\t\t\t<h2 class=\"elementor-heading-title elementor-size-default\">Aplica\u00e7\u00f5es de tecido de fibra reciclada<\/h2>\t\t\t\t<\/div>\n\t\t\t\t<\/div>\n\t\t\t\t<div class=\"elementor-element elementor-element-3bc46c79 elementor-widget elementor-widget-gallery\" data-id=\"3bc46c79\" data-element_type=\"widget\" data-settings=\"{&quot;columns&quot;:3,&quot;overlay_title&quot;:&quot;title&quot;,&quot;image_hover_animation&quot;:&quot;grow&quot;,&quot;lazyload&quot;:&quot;yes&quot;,&quot;gallery_layout&quot;:&quot;grid&quot;,&quot;columns_tablet&quot;:2,&quot;columns_mobile&quot;:1,&quot;gap&quot;:{&quot;unit&quot;:&quot;px&quot;,&quot;size&quot;:10,&quot;sizes&quot;:[]},&quot;gap_tablet&quot;:{&quot;unit&quot;:&quot;px&quot;,&quot;size&quot;:10,&quot;sizes&quot;:[]},&quot;gap_mobile&quot;:{&quot;unit&quot;:&quot;px&quot;,&quot;size&quot;:10,&quot;sizes&quot;:[]},&quot;link_to&quot;:&quot;file&quot;,&quot;aspect_ratio&quot;:&quot;3:2&quot;,&quot;overlay_background&quot;:&quot;yes&quot;,&quot;content_hover_animation&quot;:&quot;fade-in&quot;}\" data-widget_type=\"gallery.default\">\n\t\t\t\t<div class=\"elementor-widget-container\">\n\t\t\t\t\t\t\t<div class=\"elementor-gallery__container\">\n\t\t\t\t\t\t\t<a class=\"e-gallery-item elementor-gallery-item elementor-animated-content\" href=\"https:\/\/ur-textiles.com\/wp-content\/uploads\/2021\/08\/Fashion.jpg\" data-elementor-open-lightbox=\"yes\" data-elementor-lightbox-slideshow=\"3bc46c79\" data-elementor-lightbox-title=\"Fashion\" data-e-action-hash=\"#elementor-action%3Aaction%3Dlightbox%26settings%3DeyJpZCI6NjkwLCJ1cmwiOiJodHRwczpcL1wvdXItdGV4dGlsZXMuY29tXC93cC1jb250ZW50XC91cGxvYWRzXC8yMDIxXC8wOFwvRmFzaGlvbi5qcGciLCJzbGlkZXNob3ciOiIzYmM0NmM3OSJ9\">\n\t\t\t\t\t<div class=\"e-gallery-image elementor-gallery-item__image\" data-thumbnail=\"https:\/\/ur-textiles.com\/wp-content\/uploads\/2021\/08\/Fashion.jpg\" data-width=\"640\" data-height=\"480\" aria-label=\"tecido escovado\" role=\"img\" ><\/div>\n\t\t\t\t\t\t\t\t\t\t\t<div class=\"elementor-gallery-item__overlay\"><\/div>\n\t\t\t\t\t\t\t\t\t\t\t\t\t\t\t<div class=\"elementor-gallery-item__content\">\n\t\t\t\t\t\t\t\t\t\t\t\t\t\t<div class=\"elementor-gallery-item__title\">\n\t\t\t\t\t\t\t\t\t\t\t\t\t\t\t\t\t\tModa\t\t\t\t\t\t\t\t<\/div>\n\t\t\t\t\t\t\t\t\t\t\t\t<\/div>\n\t\t\t\t\t\t\t\t\t<\/a>\n\t\t\t\t\t\t\t<a class=\"e-gallery-item elementor-gallery-item elementor-animated-content\" href=\"https:\/\/ur-textiles.com\/wp-content\/uploads\/2021\/08\/Home.jpg\" data-elementor-open-lightbox=\"yes\" data-elementor-lightbox-slideshow=\"3bc46c79\" data-elementor-lightbox-title=\"Home\" data-e-action-hash=\"#elementor-action%3Aaction%3Dlightbox%26settings%3DeyJpZCI6Njg5LCJ1cmwiOiJodHRwczpcL1wvdXItdGV4dGlsZXMuY29tXC93cC1jb250ZW50XC91cGxvYWRzXC8yMDIxXC8wOFwvSG9tZS5qcGciLCJzbGlkZXNob3ciOiIzYmM0NmM3OSJ9\">\n\t\t\t\t\t<div class=\"e-gallery-image elementor-gallery-item__image\" data-thumbnail=\"https:\/\/ur-textiles.com\/wp-content\/uploads\/2021\/08\/Home.jpg\" data-width=\"640\" data-height=\"427\" aria-label=\"\" role=\"img\" ><\/div>\n\t\t\t\t\t\t\t\t\t\t\t<div class=\"elementor-gallery-item__overlay\"><\/div>\n\t\t\t\t\t\t\t\t\t\t\t\t\t\t\t<div class=\"elementor-gallery-item__content\">\n\t\t\t\t\t\t\t\t\t\t\t\t\t\t<div class=\"elementor-gallery-item__title\">\n\t\t\t\t\t\t\t\t\t\t\t\t\t\t\t\t\t\tLar\t\t\t\t\t\t\t\t<\/div>\n\t\t\t\t\t\t\t\t\t\t\t\t<\/div>\n\t\t\t\t\t\t\t\t\t<\/a>\n\t\t\t\t\t\t\t<a class=\"e-gallery-item elementor-gallery-item elementor-animated-content\" href=\"https:\/\/ur-textiles.com\/wp-content\/uploads\/2021\/08\/Outdoor-protection.jpg\" data-elementor-open-lightbox=\"yes\" data-elementor-lightbox-slideshow=\"3bc46c79\" data-elementor-lightbox-title=\"Outdoor protection\" data-e-action-hash=\"#elementor-action%3Aaction%3Dlightbox%26settings%3DeyJpZCI6Njg4LCJ1cmwiOiJodHRwczpcL1wvdXItdGV4dGlsZXMuY29tXC93cC1jb250ZW50XC91cGxvYWRzXC8yMDIxXC8wOFwvT3V0ZG9vci1wcm90ZWN0aW9uLmpwZyIsInNsaWRlc2hvdyI6IjNiYzQ2Yzc5In0%3D\">\n\t\t\t\t\t<div class=\"e-gallery-image elementor-gallery-item__image\" data-thumbnail=\"https:\/\/ur-textiles.com\/wp-content\/uploads\/2021\/08\/Outdoor-protection.jpg\" data-width=\"640\" data-height=\"1035\" aria-label=\"tecido oxford\" role=\"img\" ><\/div>\n\t\t\t\t\t\t\t\t\t\t\t<div class=\"elementor-gallery-item__overlay\"><\/div>\n\t\t\t\t\t\t\t\t\t\t\t\t\t\t\t<div class=\"elementor-gallery-item__content\">\n\t\t\t\t\t\t\t\t\t\t\t\t\t\t<div class=\"elementor-gallery-item__title\">\n\t\t\t\t\t\t\t\t\t\t\t\t\t\t\t\t\t\tProte\u00e7\u00e3o externa\t\t\t\t\t\t\t\t<\/div>\n\t\t\t\t\t\t\t\t\t\t\t\t<\/div>\n\t\t\t\t\t\t\t\t\t<\/a>\n\t\t\t\t\t<\/div>\n\t\t\t\t\t<\/div>\n\t\t\t\t<\/div>\n\t\t\t\t<div class=\"elementor-element elementor-element-9f3e166 elementor-widget elementor-widget-text-editor\" data-id=\"9f3e166\" data-element_type=\"widget\" data-widget_type=\"text-editor.default\">\n\t\t\t\t<div class=\"elementor-widget-container\">\n\t\t\t\t\t\t\t\t\t<p>\u00c0 medida que os setores t\u00eaxtil, de vestu\u00e1rio, moda e varejo se movem em uma dire\u00e7\u00e3o mais sustent\u00e1vel, uma \u00e1rea de interesse \u00e9 o uso de fibras, fios, tecidos e componentes de produtos reciclados no desenvolvimento e produ\u00e7\u00e3o de novos produtos. Tecidos de fibra reciclada s\u00e3o usados em uma ampla gama de aplica\u00e7\u00f5es.<\/p>\t\t\t\t\t\t\t\t<\/div>\n\t\t\t\t<\/div>\n\t\t\t\t\t<\/div>\n\t\t<\/div>\n\t\t\t\t\t<\/div>\n\t\t<\/section>\n\t\t\t\t<section class=\"elementor-section elementor-top-section elementor-element elementor-element-9feab86 elementor-section-content-middle elementor-section-boxed elementor-section-height-default elementor-section-height-default\" data-id=\"9feab86\" data-element_type=\"section\" data-settings=\"{&quot;background_background&quot;:&quot;classic&quot;}\">\n\t\t\t\t\t\t\t<div class=\"elementor-background-overlay\"><\/div>\n\t\t\t\t\t\t\t<div class=\"elementor-container elementor-column-gap-default\">\n\t\t\t\t\t<div class=\"elementor-column elementor-col-100 elementor-top-column elementor-element elementor-element-572c75a4\" data-id=\"572c75a4\" data-element_type=\"column\">\n\t\t\t<div class=\"elementor-widget-wrap elementor-element-populated\">\n\t\t\t\t\t\t<div class=\"elementor-element elementor-element-58809b5d elementor-widget elementor-widget-heading\" data-id=\"58809b5d\" data-element_type=\"widget\" data-widget_type=\"heading.default\">\n\t\t\t\t<div class=\"elementor-widget-container\">\n\t\t\t\t\t<h2 class=\"elementor-heading-title elementor-size-default\">Request Your\u00a0Sample Pack &amp; Inquiry<\/h2>\t\t\t\t<\/div>\n\t\t\t\t<\/div>\n\t\t\t\t<div class=\"elementor-element elementor-element-5456a7f3 elementor-widget elementor-widget-text-editor\" data-id=\"5456a7f3\" data-element_type=\"widget\" data-widget_type=\"text-editor.default\">\n\t\t\t\t<div class=\"elementor-widget-container\">\n\t\t\t\t\t\t\t\t\t<p style=\"text-align: center;\">Encomende um pacote de amostra para que possa sentir por si mesmo a nossa gama premium de t\u00eaxteis.<\/p>\t\t\t\t\t\t\t\t<\/div>\n\t\t\t\t<\/div>\n\t\t\t\t<div class=\"elementor-element elementor-element-7bc62610 elementor-align-center elementor-widget elementor-widget-button\" data-id=\"7bc62610\" data-element_type=\"widget\" data-widget_type=\"button.default\">\n\t\t\t\t<div class=\"elementor-widget-container\">\n\t\t\t\t\t\t\t\t\t<div class=\"elementor-button-wrapper\">\n\t\t\t\t\t<a class=\"elementor-button elementor-button-link elementor-size-sm\" href=\"https:\/\/ur-textiles.com\/pt\/inquiry\/\">\n\t\t\t\t\t\t<span class=\"elementor-button-content-wrapper\">\n\t\t\t\t\t\t\t\t\t<span class=\"elementor-button-text\">Get Sample &amp; Quote<\/span>\n\t\t\t\t\t<\/span>\n\t\t\t\t\t<\/a>\n\t\t\t\t<\/div>\n\t\t\t\t\t\t\t\t<\/div>\n\t\t\t\t<\/div>\n\t\t\t\t\t<\/div>\n\t\t<\/div>\n\t\t\t\t\t<\/div>\n\t\t<\/section>\n\t\t\t\t<\/div>","protected":false},"excerpt":{"rendered":"<p>UR Textiles China Recycled fiber Fabric manufacturer Flexible Textiles Solution Supplier Recycled fiber Fabric Recycled fiber fabrics, also called rayon fabrics, are made from a variety of recycled fibers. The production of recycled fiber is inspired by the silkworms spitting silk, using natural polymer compounds such as cellulose and protein as raw materials, and then [&hellip;]<\/p>","protected":false},"author":1,"featured_media":614,"parent":0,"menu_order":0,"comment_status":"closed","ping_status":"closed","template":"","meta":{"site-sidebar-layout":"no-sidebar","site-content-layout":"page-builder","ast-site-content-layout":"default","site-content-style":"default","site-sidebar-style":"default","ast-global-header-display":"","ast-banner-title-visibility":"","ast-main-header-display":"","ast-hfb-above-header-display":"","ast-hfb-below-header-display":"","ast-hfb-mobile-header-display":"","site-post-title":"disabled","ast-breadcrumbs-content":"","ast-featured-img":"disabled","footer-sml-layout":"","ast-disable-related-posts":"","theme-transparent-header-meta":"default","adv-header-id-meta":"","stick-header-meta":"","header-above-stick-meta":"","header-main-stick-meta":"","header-below-stick-meta":"","astra-migrate-meta-layouts":"default","ast-page-background-enabled":"default","ast-page-background-meta":{"desktop":{"background-color":"","background-image":"","background-repeat":"repeat","background-position":"center center","background-size":"auto","background-attachment":"scroll","background-type":"","background-media":"","overlay-type":"","overlay-color":"","overlay-opacity":"","overlay-gradient":""},"tablet":{"background-color":"","background-image":"","background-repeat":"repeat","background-position":"center center","background-size":"auto","background-attachment":"scroll","background-type":"","background-media":"","overlay-type":"","overlay-color":"","overlay-opacity":"","overlay-gradient":""},"mobile":{"background-color":"","background-image":"","background-repeat":"repeat","background-position":"center center","background-size":"auto","background-attachment":"scroll","background-type":"","background-media":"","overlay-type":"","overlay-color":"","overlay-opacity":"","overlay-gradient":""}},"ast-content-background-meta":{"desktop":{"background-color":"var(--ast-global-color-5)","background-image":"","background-repeat":"repeat","background-position":"center center","background-size":"auto","background-attachment":"scroll","background-type":"","background-media":"","overlay-type":"","overlay-color":"","overlay-opacity":"","overlay-gradient":""},"tablet":{"background-color":"var(--ast-global-color-5)","background-image":"","background-repeat":"repeat","background-position":"center center","background-size":"auto","background-attachment":"scroll","background-type":"","background-media":"","overlay-type":"","overlay-color":"","overlay-opacity":"","overlay-gradient":""},"mobile":{"background-color":"var(--ast-global-color-5)","background-image":"","background-repeat":"repeat","background-position":"center center","background-size":"auto","background-attachment":"scroll","background-type":"","background-media":"","overlay-type":"","overlay-color":"","overlay-opacity":"","overlay-gradient":""}},"footnotes":""},"class_list":["post-420","page","type-page","status-publish","has-post-thumbnail","hentry"],"_links":{"self":[{"href":"https:\/\/ur-textiles.com\/pt\/wp-json\/wp\/v2\/pages\/420","targetHints":{"allow":["GET"]}}],"collection":[{"href":"https:\/\/ur-textiles.com\/pt\/wp-json\/wp\/v2\/pages"}],"about":[{"href":"https:\/\/ur-textiles.com\/pt\/wp-json\/wp\/v2\/types\/page"}],"author":[{"embeddable":true,"href":"https:\/\/ur-textiles.com\/pt\/wp-json\/wp\/v2\/users\/1"}],"replies":[{"embeddable":true,"href":"https:\/\/ur-textiles.com\/pt\/wp-json\/wp\/v2\/comments?post=420"}],"version-history":[{"count":25,"href":"https:\/\/ur-textiles.com\/pt\/wp-json\/wp\/v2\/pages\/420\/revisions"}],"predecessor-version":[{"id":3863,"href":"https:\/\/ur-textiles.com\/pt\/wp-json\/wp\/v2\/pages\/420\/revisions\/3863"}],"wp:featuredmedia":[{"embeddable":true,"href":"https:\/\/ur-textiles.com\/pt\/wp-json\/wp\/v2\/media\/614"}],"wp:attachment":[{"href":"https:\/\/ur-textiles.com\/pt\/wp-json\/wp\/v2\/media?parent=420"}],"curies":[{"name":"wp","href":"https:\/\/api.w.org\/{rel}","templated":true}]}}