{"id":263,"date":"2021-07-30T07:01:36","date_gmt":"2021-07-30T07:01:36","guid":{"rendered":"https:\/\/www.ur-textiles.com\/?page_id=263"},"modified":"2022-05-12T06:08:04","modified_gmt":"2022-05-12T06:08:04","slug":"quality-manufacturing","status":"publish","type":"page","link":"https:\/\/ur-textiles.com\/pt\/quality-manufacturing\/","title":{"rendered":"Fabrica\u00e7\u00e3o de qualidade"},"content":{"rendered":"<div data-elementor-type=\"wp-page\" data-elementor-id=\"263\" class=\"elementor elementor-263\" data-elementor-post-type=\"page\">\n\t\t\t\t\t\t<section class=\"elementor-section elementor-top-section elementor-element elementor-element-57cb388 elementor-section-full_width elementor-section-height-min-height elementor-section-height-default elementor-section-items-middle\" data-id=\"57cb388\" data-element_type=\"section\" data-settings=\"{&quot;background_background&quot;:&quot;classic&quot;}\">\n\t\t\t\t\t\t<div class=\"elementor-container elementor-column-gap-default\">\n\t\t\t\t\t<div class=\"elementor-column elementor-col-100 elementor-top-column elementor-element elementor-element-bd1f62f\" data-id=\"bd1f62f\" data-element_type=\"column\">\n\t\t\t<div class=\"elementor-widget-wrap elementor-element-populated\">\n\t\t\t\t\t\t<div class=\"elementor-element elementor-element-5002457 uael-heading-align-center elementor-widget elementor-widget-uael-advanced-heading\" data-id=\"5002457\" data-element_type=\"widget\" data-widget_type=\"uael-advanced-heading.default\">\n\t\t\t\t<div class=\"elementor-widget-container\">\n\t\t\t\t\t\n\t\t<div class=\"uael-module-content uael-heading-wrapper\">\n\t\t\t\t\t\t<div class=\"uael-module-content uael-separator-parent\">\n\t\t\t\t\t\t\t\t<div class=\"uael-separator-wrap\">\n\t\t\t\t\t<div class=\"uael-separator-line uael-side-left\">\n\t\t\t\t\t\t<span><\/span>\n\t\t\t\t\t<\/div>\n\t\t\t\t\t<div class=\"uael-divider-content\">\n\t\t\t\t\t\t\t\t\t\t\t\t<h3 class=\"uael-divider-text elementor-inline-editing\" data-elementor-setting-key=\"heading_line_text\" data-elementor-inline-editing-toolbar=\"basic\">UR Textiles<\/h3>\n\t\t\t\t\t<\/div>\n\t\t\t\t\t<div class=\"uael-separator-line uael-side-right\">\n\t\t\t\t\t\t<span><\/span>\n\t\t\t\t\t<\/div>\n\t\t\t\t<\/div>\n\t\t\t\t\t\t\t\t\t\t<\/div>\n\t\t\t\t\t\t\n\t\t\t<h1 class=\"uael-heading\">\n\t\t\t\t\t\t\t\t\t\t<span class=\"uael-heading-text elementor-inline-editing uael-size--default\" data-elementor-setting-key=\"heading_title\" data-elementor-inline-editing-toolbar=\"basic\">Fabrica\u00e7\u00e3o de qualidade<\/span>\n\t\t\t\t\t\t\t<\/h1>\n\n\t\t\t\n\t\t\t\n\t\t\t\t\t\t\t<div class=\"uael-subheading elementor-inline-editing\" data-elementor-setting-key=\"heading_description\" data-elementor-inline-editing-toolbar=\"advanced\" >\n\t\t\t\t\tFornecedor de solu\u00e7\u00f5es t\u00eaxteis flex\u00edveis\t\t\t\t<\/div>\n\t\t\t\t\n\t\t\t\t\t\t<\/div>\n\t\t\t\t\t\t<\/div>\n\t\t\t\t<\/div>\n\t\t\t\t\t<\/div>\n\t\t<\/div>\n\t\t\t\t\t<\/div>\n\t\t<\/section>\n\t\t\t\t<section class=\"elementor-section elementor-top-section elementor-element elementor-element-2861c76 elementor-section-boxed elementor-section-height-default elementor-section-height-default\" data-id=\"2861c76\" data-element_type=\"section\">\n\t\t\t\t\t\t<div class=\"elementor-container elementor-column-gap-default\">\n\t\t\t\t\t<div class=\"elementor-column elementor-col-100 elementor-top-column elementor-element elementor-element-359bc14b\" data-id=\"359bc14b\" data-element_type=\"column\">\n\t\t\t<div class=\"elementor-widget-wrap elementor-element-populated\">\n\t\t\t\t\t\t<div class=\"elementor-element elementor-element-6afe5020 elementor-widget elementor-widget-heading\" data-id=\"6afe5020\" data-element_type=\"widget\" data-widget_type=\"heading.default\">\n\t\t\t\t<div class=\"elementor-widget-container\">\n\t\t\t\t\t<h2 class=\"elementor-heading-title elementor-size-default\">Fabrica\u00e7\u00e3o de T\u00eaxteis UR,<br>Onde come\u00e7a a satisfa\u00e7\u00e3o 99.9%<\/h2>\t\t\t\t<\/div>\n\t\t\t\t<\/div>\n\t\t\t\t<div class=\"elementor-element elementor-element-66c05d64 elementor-widget elementor-widget-text-editor\" data-id=\"66c05d64\" data-element_type=\"widget\" data-widget_type=\"text-editor.default\">\n\t\t\t\t<div class=\"elementor-widget-container\">\n\t\t\t\t\t\t\t\t\t<p>Nossa f\u00e1brica foi fundada em 2002, \u00e9 a empresa que fabrica profissionalmente tecidos qu\u00edmicos. Abrange uma \u00e1rea de 50.000 metros quadrados, tem mais de 500 funcion\u00e1rios e tem um conjunto completo de sistema de produ\u00e7\u00e3o de pesquisa e desenvolvimento, compra de materiais, produ\u00e7\u00e3o, inspe\u00e7\u00e3o, embalagem e exporta\u00e7\u00e3o de t\u00eaxteis.<\/p><p>Os produtos da UR s\u00e3o fabricados de acordo com um sistema de controle de qualidade rigoroso, e cada produto produzido atrav\u00e9s de uma inspe\u00e7\u00e3o de qualidade rigorosa est\u00e1 de acordo com os padr\u00f5es internacionais e obteve v\u00e1rias certifica\u00e7\u00f5es.<\/p><p>Todos os nossos trabalhadores qualificados e experientes, sistema de QC rigoroso, excelente equipe de gest\u00e3o e equipe de trabalho e um olhar atento para o mercado de t\u00eaxteis para garantir que nossos produtos atendam aos padr\u00f5es internacionais.<\/p>\t\t\t\t\t\t\t\t<\/div>\n\t\t\t\t<\/div>\n\t\t\t\t<div class=\"elementor-element elementor-element-a239490 elementor-widget elementor-widget-image-carousel\" data-id=\"a239490\" data-element_type=\"widget\" data-settings=\"{&quot;slides_to_show&quot;:&quot;1&quot;,&quot;navigation&quot;:&quot;none&quot;,&quot;autoplay_speed&quot;:1000,&quot;effect&quot;:&quot;fade&quot;,&quot;speed&quot;:3000,&quot;autoplay&quot;:&quot;yes&quot;,&quot;pause_on_hover&quot;:&quot;yes&quot;,&quot;pause_on_interaction&quot;:&quot;yes&quot;,&quot;infinite&quot;:&quot;yes&quot;}\" data-widget_type=\"image-carousel.default\">\n\t\t\t\t<div class=\"elementor-widget-container\">\n\t\t\t\t\t\t\t<div class=\"elementor-image-carousel-wrapper swiper\" role=\"region\" aria-roledescription=\"carousel\" aria-label=\"\u0639\u0627\u0631\u0636 \u0627\u0644\u0635\u0648\u0631\" dir=\"ltr\">\n\t\t\t<div class=\"elementor-image-carousel swiper-wrapper swiper-image-stretch\" aria-live=\"off\">\n\t\t\t\t\t\t\t\t<div class=\"swiper-slide\" role=\"group\" aria-roledescription=\"slide\" aria-label=\"1 \u0645\u0646 3\" data-no-translation-aria-label=\"\"><figure class=\"swiper-slide-inner\"><img decoding=\"async\" class=\"swiper-slide-image\" src=\"https:\/\/ur-textiles.com\/wp-content\/uploads\/2021\/07\/15-scaled-e1627630368493.jpg\" alt=\"15\" title=\"\"><\/figure><\/div><div class=\"swiper-slide\" role=\"group\" aria-roledescription=\"slide\" aria-label=\"2 \u0645\u0646 3\" data-no-translation-aria-label=\"\"><figure class=\"swiper-slide-inner\"><img decoding=\"async\" class=\"swiper-slide-image\" src=\"https:\/\/ur-textiles.com\/wp-content\/uploads\/2021\/07\/17-scaled-e1627629857985.jpg\" alt=\"17\" title=\"\"><\/figure><\/div><div class=\"swiper-slide\" role=\"group\" aria-roledescription=\"slide\" aria-label=\"3 \u0645\u0646 3\" data-no-translation-aria-label=\"\"><figure class=\"swiper-slide-inner\"><img decoding=\"async\" class=\"swiper-slide-image\" src=\"https:\/\/ur-textiles.com\/wp-content\/uploads\/2021\/07\/14-scaled-e1627630302288.jpg\" alt=\"14\" title=\"\"><\/figure><\/div>\t\t\t<\/div>\n\t\t\t\t\t\t\t\n\t\t\t\t\t\t\t\t\t<\/div>\n\t\t\t\t\t\t<\/div>\n\t\t\t\t<\/div>\n\t\t\t\t\t<\/div>\n\t\t<\/div>\n\t\t\t\t\t<\/div>\n\t\t<\/section>\n\t\t\t\t<section class=\"elementor-section elementor-top-section elementor-element elementor-element-989f020 elementor-section-boxed elementor-section-height-default elementor-section-height-default\" data-id=\"989f020\" data-element_type=\"section\">\n\t\t\t\t\t\t<div class=\"elementor-container elementor-column-gap-default\">\n\t\t\t\t\t<div class=\"elementor-column elementor-col-100 elementor-top-column elementor-element elementor-element-49aaf22\" data-id=\"49aaf22\" data-element_type=\"column\">\n\t\t\t<div class=\"elementor-widget-wrap elementor-element-populated\">\n\t\t\t\t\t\t<div class=\"elementor-element elementor-element-232a0baa elementor-widget elementor-widget-heading\" data-id=\"232a0baa\" data-element_type=\"widget\" data-widget_type=\"heading.default\">\n\t\t\t\t<div class=\"elementor-widget-container\">\n\t\t\t\t\t<h2 class=\"elementor-heading-title elementor-size-default\">A Produ\u00e7\u00e3o de T\u00eaxteis UR <br>Seus pr\u00f3ximos vendedores populares<\/h2>\t\t\t\t<\/div>\n\t\t\t\t<\/div>\n\t\t\t\t<section class=\"elementor-section elementor-inner-section elementor-element elementor-element-3f125b9d elementor-section-full_width elementor-section-height-default elementor-section-height-default\" data-id=\"3f125b9d\" data-element_type=\"section\">\n\t\t\t\t\t\t<div class=\"elementor-container elementor-column-gap-custom\">\n\t\t\t\t\t<div class=\"elementor-column elementor-col-50 elementor-inner-column elementor-element elementor-element-3162d738\" data-id=\"3162d738\" data-element_type=\"column\">\n\t\t\t<div class=\"elementor-widget-wrap elementor-element-populated\">\n\t\t\t\t\t\t<div class=\"elementor-element elementor-element-6a67dbc5 elementor-widget elementor-widget-image\" data-id=\"6a67dbc5\" data-element_type=\"widget\" data-widget_type=\"image.default\">\n\t\t\t\t<div class=\"elementor-widget-container\">\n\t\t\t\t\t\t\t\t\t\t\t\t\t\t\t<img fetchpriority=\"high\" decoding=\"async\" width=\"640\" height=\"427\" src=\"https:\/\/ur-textiles.com\/wp-content\/uploads\/2021\/07\/picsea-EScC.jpg\" class=\"attachment-large size-large wp-image-291\" alt=\"\" srcset=\"https:\/\/ur-textiles.com\/wp-content\/uploads\/2021\/07\/picsea-EScC.jpg 640w, https:\/\/ur-textiles.com\/wp-content\/uploads\/2021\/07\/picsea-EScC-600x400.jpg 600w, https:\/\/ur-textiles.com\/wp-content\/uploads\/2021\/07\/picsea-EScC-300x200.jpg 300w\" sizes=\"(max-width: 640px) 100vw, 640px\" title=\"\">\t\t\t\t\t\t\t\t\t\t\t\t\t\t\t<\/div>\n\t\t\t\t<\/div>\n\t\t\t\t\t<\/div>\n\t\t<\/div>\n\t\t\t\t<div class=\"elementor-column elementor-col-50 elementor-inner-column elementor-element elementor-element-3eeefe8d\" data-id=\"3eeefe8d\" data-element_type=\"column\">\n\t\t\t<div class=\"elementor-widget-wrap elementor-element-populated\">\n\t\t\t\t\t\t<div class=\"elementor-element elementor-element-1e103dbb elementor-widget elementor-widget-heading\" data-id=\"1e103dbb\" data-element_type=\"widget\" data-widget_type=\"heading.default\">\n\t\t\t\t<div class=\"elementor-widget-container\">\n\t\t\t\t\t<h2 class=\"elementor-heading-title elementor-size-default\">Materiais de alta classe e seguros<\/h2>\t\t\t\t<\/div>\n\t\t\t\t<\/div>\n\t\t\t\t<div class=\"elementor-element elementor-element-7e8c0553 elementor-widget elementor-widget-text-editor\" data-id=\"7e8c0553\" data-element_type=\"widget\" data-widget_type=\"text-editor.default\">\n\t\t\t\t<div class=\"elementor-widget-container\">\n\t\t\t\t\t\t\t\t\t<p>A compra respons\u00e1vel de mat\u00e9rias-primas \u00e9 um bom ponto de partida para uma pr\u00e1tica de tomada de decis\u00f5es \u00e9ticas.<\/p><p>N\u00f3s fornecemos eticamente todos os nossos materiais e garantimos que eles sejam obtidos de forma respons\u00e1vel e sustent\u00e1vel. Os trabalhadores envolvidos em sua confec\u00e7\u00e3o s\u00e3o seguros e tratados de forma justa. Impactos ambientais, sociais e experi\u00eancia do usu\u00e1rio s\u00e3o levados em considera\u00e7\u00e3o durante todo o processo.<\/p><p>Os produtos da UR T\u00eaxtil, sejam os pr\u00f3prios t\u00eaxteis ou outras mat\u00e9rias como as tinturas, cada produto na produ\u00e7\u00e3o de materiais cuidadosamente selecionados. Boa qualidade, alto desempenho, prote\u00e7\u00e3o ambiental e n\u00e3o perigoso e n\u00e3o t\u00f3xico s\u00e3o os princ\u00edpios b\u00e1sicos de nossa sele\u00e7\u00e3o de materiais. Os melhores materiais devem ser selecionados para os produtos necess\u00e1rios para garantir a qualidade dos produtos.<\/p>\t\t\t\t\t\t\t\t<\/div>\n\t\t\t\t<\/div>\n\t\t\t\t\t<\/div>\n\t\t<\/div>\n\t\t\t\t\t<\/div>\n\t\t<\/section>\n\t\t\t\t<section class=\"elementor-section elementor-inner-section elementor-element elementor-element-4d0224c3 elementor-section-full_width elementor-section-content-middle elementor-reverse-mobile elementor-section-height-default elementor-section-height-default\" data-id=\"4d0224c3\" data-element_type=\"section\">\n\t\t\t\t\t\t<div class=\"elementor-container elementor-column-gap-custom\">\n\t\t\t\t\t<div class=\"elementor-column elementor-col-50 elementor-inner-column elementor-element elementor-element-55fab7a4\" data-id=\"55fab7a4\" data-element_type=\"column\">\n\t\t\t<div class=\"elementor-widget-wrap elementor-element-populated\">\n\t\t\t\t\t\t<div class=\"elementor-element elementor-element-2c3c7125 elementor-widget elementor-widget-heading\" data-id=\"2c3c7125\" data-element_type=\"widget\" data-widget_type=\"heading.default\">\n\t\t\t\t<div class=\"elementor-widget-container\">\n\t\t\t\t\t<h2 class=\"elementor-heading-title elementor-size-default\">O QC passo a passo garante cada scooter e skate<\/h2>\t\t\t\t<\/div>\n\t\t\t\t<\/div>\n\t\t\t\t<div class=\"elementor-element elementor-element-3575935 elementor-widget elementor-widget-text-editor\" data-id=\"3575935\" data-element_type=\"widget\" data-widget_type=\"text-editor.default\">\n\t\t\t\t<div class=\"elementor-widget-container\">\n\t\t\t\t\t\t\t\t\t<p>Todos os nossos t\u00eaxteis s\u00e3o concebidos para proporcionar uma perfei\u00e7\u00e3o extrema, embora nem sempre seja perfeito, uma vez que cada produto envolve v\u00e1rias fases de produ\u00e7\u00e3o. E para garantir que cada tecido seja t\u00e3o perfeito quanto deveria estar em suas embalagens, n\u00f3s da UR temos nosso pr\u00f3prio sistema de controle de qualidade para fazer uma verifica\u00e7\u00e3o completa.<br \/>O procedimento \u00e9 que montamos v\u00e1rios especialistas que se encarregam especificamente do controle de qualidade com sua maciez e resist\u00eancia logo ap\u00f3s a tricotagem do tecido. Selecionamos cuidadosamente os defeituosos e tomamos as medidas padr\u00e3o.<br \/>Sem falar que somos rigorosos em atender \u00e0s suas necessidades, escolhendo novos moldes com design e fun\u00e7\u00e3o adequados. Passo a passo, fazemos tecidos maravilhosos que s\u00e3o super adequados ao seu neg\u00f3cio e aos seus clientes.<\/p>\t\t\t\t\t\t\t\t<\/div>\n\t\t\t\t<\/div>\n\t\t\t\t\t<\/div>\n\t\t<\/div>\n\t\t\t\t<div class=\"elementor-column elementor-col-50 elementor-inner-column elementor-element elementor-element-5f8401bc\" data-id=\"5f8401bc\" data-element_type=\"column\">\n\t\t\t<div class=\"elementor-widget-wrap elementor-element-populated\">\n\t\t\t\t\t\t<div class=\"elementor-element elementor-element-c01f803 elementor-widget elementor-widget-image\" data-id=\"c01f803\" data-element_type=\"widget\" data-widget_type=\"image.default\">\n\t\t\t\t<div class=\"elementor-widget-container\">\n\t\t\t\t\t\t\t\t\t\t\t\t\t\t\t<img decoding=\"async\" width=\"826\" height=\"552\" src=\"https:\/\/ur-textiles.com\/wp-content\/uploads\/2021\/07\/e6d75adbea4f3ffa98930cc465ff375.png\" class=\"attachment-large size-large wp-image-290\" alt=\"modal fabric factory\" srcset=\"https:\/\/ur-textiles.com\/wp-content\/uploads\/2021\/07\/e6d75adbea4f3ffa98930cc465ff375.png 826w, https:\/\/ur-textiles.com\/wp-content\/uploads\/2021\/07\/e6d75adbea4f3ffa98930cc465ff375-600x401.png 600w, https:\/\/ur-textiles.com\/wp-content\/uploads\/2021\/07\/e6d75adbea4f3ffa98930cc465ff375-300x200.png 300w, https:\/\/ur-textiles.com\/wp-content\/uploads\/2021\/07\/e6d75adbea4f3ffa98930cc465ff375-768x513.png 768w\" sizes=\"(max-width: 826px) 100vw, 826px\" title=\"\">\t\t\t\t\t\t\t\t\t\t\t\t\t\t\t<\/div>\n\t\t\t\t<\/div>\n\t\t\t\t\t<\/div>\n\t\t<\/div>\n\t\t\t\t\t<\/div>\n\t\t<\/section>\n\t\t\t\t<section class=\"elementor-section elementor-inner-section elementor-element elementor-element-27e3c12d elementor-section-full_width elementor-section-height-default elementor-section-height-default\" data-id=\"27e3c12d\" data-element_type=\"section\">\n\t\t\t\t\t\t<div class=\"elementor-container elementor-column-gap-custom\">\n\t\t\t\t\t<div class=\"elementor-column elementor-col-50 elementor-inner-column elementor-element elementor-element-7bb405d9\" data-id=\"7bb405d9\" data-element_type=\"column\">\n\t\t\t<div class=\"elementor-widget-wrap elementor-element-populated\">\n\t\t\t\t\t\t<div class=\"elementor-element elementor-element-2f76b756 elementor-widget elementor-widget-image\" data-id=\"2f76b756\" data-element_type=\"widget\" data-widget_type=\"image.default\">\n\t\t\t\t<div class=\"elementor-widget-container\">\n\t\t\t\t\t\t\t\t\t\t\t\t\t\t\t<img decoding=\"async\" width=\"640\" height=\"459\" src=\"https:\/\/ur-textiles.com\/wp-content\/uploads\/2021\/08\/lalit-kumar-dmGV8oau3Fo.jpg\" class=\"attachment-large size-large wp-image-497\" alt=\"recycled fiber fabric\" srcset=\"https:\/\/ur-textiles.com\/wp-content\/uploads\/2021\/08\/lalit-kumar-dmGV8oau3Fo.jpg 640w, https:\/\/ur-textiles.com\/wp-content\/uploads\/2021\/08\/lalit-kumar-dmGV8oau3Fo-600x430.jpg 600w, https:\/\/ur-textiles.com\/wp-content\/uploads\/2021\/08\/lalit-kumar-dmGV8oau3Fo-300x215.jpg 300w\" sizes=\"(max-width: 640px) 100vw, 640px\" title=\"\">\t\t\t\t\t\t\t\t\t\t\t\t\t\t\t<\/div>\n\t\t\t\t<\/div>\n\t\t\t\t\t<\/div>\n\t\t<\/div>\n\t\t\t\t<div class=\"elementor-column elementor-col-50 elementor-inner-column elementor-element elementor-element-64e6cc03\" data-id=\"64e6cc03\" data-element_type=\"column\">\n\t\t\t<div class=\"elementor-widget-wrap elementor-element-populated\">\n\t\t\t\t\t\t<div class=\"elementor-element elementor-element-2f6345fc elementor-widget elementor-widget-heading\" data-id=\"2f6345fc\" data-element_type=\"widget\" data-widget_type=\"heading.default\">\n\t\t\t\t<div class=\"elementor-widget-container\">\n\t\t\t\t\t<h2 class=\"elementor-heading-title elementor-size-default\">N\u00edvel de fabrica\u00e7\u00e3o de classe mundial <\/h2>\t\t\t\t<\/div>\n\t\t\t\t<\/div>\n\t\t\t\t<div class=\"elementor-element elementor-element-6a927793 elementor-widget elementor-widget-text-editor\" data-id=\"6a927793\" data-element_type=\"widget\" data-widget_type=\"text-editor.default\">\n\t\t\t\t<div class=\"elementor-widget-container\">\n\t\t\t\t\t\t\t\t\t<p>A empresa foi equipada com fia\u00e7\u00e3o, fia\u00e7\u00e3o e tecelagem, impress\u00e3o por transfer\u00eancia de calor e outras tecnologias e processos de instala\u00e7\u00e3o que atendem aos padr\u00f5es da Europa e dos Estados Unidos, e cada link \u00e9 cuidadosamente controlado para melhorar a qualidade dos produtos e levar aos consumidores os melhores produtos .<br \/>Cada produto passou por uma inspe\u00e7\u00e3o rigorosa, de acordo com as normas internacionais, e recebeu diversas certifica\u00e7\u00f5es e testes para garantir que cada produto \u00e9 seguro e protegido, garantindo que os consumidores possam usar com tranquilidade.<br \/>Obtivemos v\u00e1rias certifica\u00e7\u00f5es como Oeko-tex standard 100, EN, SGS, ITS, etc., que garantem a qualidade dos nossos produtos.<\/p>\t\t\t\t\t\t\t\t<\/div>\n\t\t\t\t<\/div>\n\t\t\t\t\t<\/div>\n\t\t<\/div>\n\t\t\t\t\t<\/div>\n\t\t<\/section>\n\t\t\t\t\t<\/div>\n\t\t<\/div>\n\t\t\t\t\t<\/div>\n\t\t<\/section>\n\t\t\t\t<section class=\"elementor-section elementor-top-section elementor-element elementor-element-7248d1f elementor-section-content-middle elementor-section-boxed elementor-section-height-default elementor-section-height-default\" data-id=\"7248d1f\" data-element_type=\"section\" data-settings=\"{&quot;background_background&quot;:&quot;classic&quot;}\">\n\t\t\t\t\t\t\t<div class=\"elementor-background-overlay\"><\/div>\n\t\t\t\t\t\t\t<div class=\"elementor-container elementor-column-gap-default\">\n\t\t\t\t\t<div class=\"elementor-column elementor-col-100 elementor-top-column elementor-element elementor-element-62679e7\" data-id=\"62679e7\" data-element_type=\"column\">\n\t\t\t<div class=\"elementor-widget-wrap elementor-element-populated\">\n\t\t\t\t\t\t<div class=\"elementor-element elementor-element-b9b63b5 elementor-widget elementor-widget-heading\" data-id=\"b9b63b5\" data-element_type=\"widget\" data-widget_type=\"heading.default\">\n\t\t\t\t<div class=\"elementor-widget-container\">\n\t\t\t\t\t<h2 class=\"elementor-heading-title elementor-size-default\">Solicite seu pacote de amostra ou consulta<\/h2>\t\t\t\t<\/div>\n\t\t\t\t<\/div>\n\t\t\t\t<div class=\"elementor-element elementor-element-88af22a elementor-widget elementor-widget-text-editor\" data-id=\"88af22a\" data-element_type=\"widget\" data-widget_type=\"text-editor.default\">\n\t\t\t\t<div class=\"elementor-widget-container\">\n\t\t\t\t\t\t\t\t\t<p style=\"text-align: center;\">Encomende um pacote de amostra para que possa sentir por si mesmo a nossa gama premium de t\u00eaxteis.<\/p>\t\t\t\t\t\t\t\t<\/div>\n\t\t\t\t<\/div>\n\t\t\t\t<div class=\"elementor-element elementor-element-9215254 elementor-align-center elementor-widget elementor-widget-button\" data-id=\"9215254\" data-element_type=\"widget\" data-widget_type=\"button.default\">\n\t\t\t\t<div class=\"elementor-widget-container\">\n\t\t\t\t\t\t\t\t\t<div class=\"elementor-button-wrapper\">\n\t\t\t\t\t<a class=\"elementor-button elementor-button-link elementor-size-sm\" href=\"https:\/\/ur-textiles.com\/pt\/inquiry\/\">\n\t\t\t\t\t\t<span class=\"elementor-button-content-wrapper\">\n\t\t\t\t\t\t\t\t\t<span class=\"elementor-button-text\">Get Sample &amp; Quote<\/span>\n\t\t\t\t\t<\/span>\n\t\t\t\t\t<\/a>\n\t\t\t\t<\/div>\n\t\t\t\t\t\t\t\t<\/div>\n\t\t\t\t<\/div>\n\t\t\t\t\t<\/div>\n\t\t<\/div>\n\t\t\t\t\t<\/div>\n\t\t<\/section>\n\t\t\t\t<\/div>","protected":false},"excerpt":{"rendered":"<p>UR Textiles Quality Manufacturing Flexible Textiles Solution Supplier UR Textiles Manufacturing,Where 99.9% Satisfaction Starts Our factory was established in 2002, is the enterprise professionally manufacturing chemical fabrics. It covers an area of 50,000 square meters, have more than 500 staff workers and have a full set of production system from researching &amp; developing, materials purchasing, [&hellip;]<\/p>","protected":false},"author":1,"featured_media":0,"parent":0,"menu_order":0,"comment_status":"closed","ping_status":"closed","template":"","meta":{"site-sidebar-layout":"no-sidebar","site-content-layout":"page-builder","ast-site-content-layout":"default","site-content-style":"default","site-sidebar-style":"default","ast-global-header-display":"","ast-banner-title-visibility":"","ast-main-header-display":"","ast-hfb-above-header-display":"","ast-hfb-below-header-display":"","ast-hfb-mobile-header-display":"","site-post-title":"disabled","ast-breadcrumbs-content":"","ast-featured-img":"disabled","footer-sml-layout":"","ast-disable-related-posts":"","theme-transparent-header-meta":"default","adv-header-id-meta":"","stick-header-meta":"","header-above-stick-meta":"","header-main-stick-meta":"","header-below-stick-meta":"","astra-migrate-meta-layouts":"default","ast-page-background-enabled":"default","ast-page-background-meta":{"desktop":{"background-color":"","background-image":"","background-repeat":"repeat","background-position":"center center","background-size":"auto","background-attachment":"scroll","background-type":"","background-media":"","overlay-type":"","overlay-color":"","overlay-opacity":"","overlay-gradient":""},"tablet":{"background-color":"","background-image":"","background-repeat":"repeat","background-position":"center center","background-size":"auto","background-attachment":"scroll","background-type":"","background-media":"","overlay-type":"","overlay-color":"","overlay-opacity":"","overlay-gradient":""},"mobile":{"background-color":"","background-image":"","background-repeat":"repeat","background-position":"center center","background-size":"auto","background-attachment":"scroll","background-type":"","background-media":"","overlay-type":"","overlay-color":"","overlay-opacity":"","overlay-gradient":""}},"ast-content-background-meta":{"desktop":{"background-color":"var(--ast-global-color-5)","background-image":"","background-repeat":"repeat","background-position":"center center","background-size":"auto","background-attachment":"scroll","background-type":"","background-media":"","overlay-type":"","overlay-color":"","overlay-opacity":"","overlay-gradient":""},"tablet":{"background-color":"var(--ast-global-color-5)","background-image":"","background-repeat":"repeat","background-position":"center center","background-size":"auto","background-attachment":"scroll","background-type":"","background-media":"","overlay-type":"","overlay-color":"","overlay-opacity":"","overlay-gradient":""},"mobile":{"background-color":"var(--ast-global-color-5)","background-image":"","background-repeat":"repeat","background-position":"center center","background-size":"auto","background-attachment":"scroll","background-type":"","background-media":"","overlay-type":"","overlay-color":"","overlay-opacity":"","overlay-gradient":""}},"footnotes":""},"class_list":["post-263","page","type-page","status-publish","hentry"],"_links":{"self":[{"href":"https:\/\/ur-textiles.com\/pt\/wp-json\/wp\/v2\/pages\/263","targetHints":{"allow":["GET"]}}],"collection":[{"href":"https:\/\/ur-textiles.com\/pt\/wp-json\/wp\/v2\/pages"}],"about":[{"href":"https:\/\/ur-textiles.com\/pt\/wp-json\/wp\/v2\/types\/page"}],"author":[{"embeddable":true,"href":"https:\/\/ur-textiles.com\/pt\/wp-json\/wp\/v2\/users\/1"}],"replies":[{"embeddable":true,"href":"https:\/\/ur-textiles.com\/pt\/wp-json\/wp\/v2\/comments?post=263"}],"version-history":[{"count":22,"href":"https:\/\/ur-textiles.com\/pt\/wp-json\/wp\/v2\/pages\/263\/revisions"}],"predecessor-version":[{"id":2261,"href":"https:\/\/ur-textiles.com\/pt\/wp-json\/wp\/v2\/pages\/263\/revisions\/2261"}],"wp:attachment":[{"href":"https:\/\/ur-textiles.com\/pt\/wp-json\/wp\/v2\/media?parent=263"}],"curies":[{"name":"wp","href":"https:\/\/api.w.org\/{rel}","templated":true}]}}