{"id":4053,"date":"2022-07-15T01:42:37","date_gmt":"2022-07-15T01:42:37","guid":{"rendered":"https:\/\/www.ur-textiles.com\/?post_type=product&#038;p=4053"},"modified":"2022-07-15T01:44:06","modified_gmt":"2022-07-15T01:44:06","slug":"zebra-curtain-fabric-manufacturers-in-china","status":"publish","type":"product","link":"https:\/\/ur-textiles.com\/fr\/produit\/zebra-curtain-fabric-manufacturers-in-china\/","title":{"rendered":"fabricants de tissus de rideaux z\u00e9br\u00e9s en Chine"},"content":{"rendered":"<h2 style=\"text-align: center;\">fabricants de tissus de rideaux z\u00e9br\u00e9s en Chine<\/h2>\n<p style=\"text-align: center;\"><img fetchpriority=\"high\" decoding=\"async\" class=\"alignnone size-full wp-image-4061 alignleft\" src=\"https:\/\/ur-textiles.com\/wp-content\/uploads\/2022\/07\/31.jpg\" alt=\"\" width=\"1117\" height=\"206\" title=\"\" srcset=\"https:\/\/ur-textiles.com\/wp-content\/uploads\/2022\/07\/31.jpg 1117w, https:\/\/ur-textiles.com\/wp-content\/uploads\/2022\/07\/31-300x55.jpg 300w, https:\/\/ur-textiles.com\/wp-content\/uploads\/2022\/07\/31-1024x189.jpg 1024w, https:\/\/ur-textiles.com\/wp-content\/uploads\/2022\/07\/31-768x142.jpg 768w, https:\/\/ur-textiles.com\/wp-content\/uploads\/2022\/07\/31-18x3.jpg 18w, https:\/\/ur-textiles.com\/wp-content\/uploads\/2022\/07\/31-600x111.jpg 600w\" sizes=\"(max-width: 1117px) 100vw, 1117px\" \/><\/p>\n<p>&nbsp;<\/p>\n<p>&nbsp;<\/p>\n<p>&nbsp;<\/p>\n<p>&nbsp;<\/p>\n<p><span class=\"\">\u00b7 Couleur de tissu innovante, en ligne avec la mode internationale ;<\/span><br \/>\n<span class=\"\">\u00b7 Toucher doux, effet visuel chaleureux et luxueux\u00a0;<\/span><br \/>\n<span class=\"\">\u00b7 En utilisant une technologie de traitement sp\u00e9ciale pour produire du fil, le tissu tiss\u00e9 a un toucher doux naturel,<\/span><span class=\"\">et en m\u00eame temps r\u00e9sout le pli du tissu, <\/span><span class=\"\">Avec le merveilleux design des couleurs, l&#039;\u00e9l\u00e9gance inh\u00e9rente et la qualit\u00e9 luxueuse des tissus, une sorte de temp\u00e9rament reclus et luxueux se r\u00e9v\u00e8le lentement.<\/span><\/p>\n<p style=\"text-align: left;\"><img decoding=\"async\" class=\"alignnone size-full wp-image-4062\" src=\"https:\/\/ur-textiles.com\/wp-content\/uploads\/2022\/07\/32.jpg\" alt=\"\" width=\"963\" height=\"204\" title=\"\" srcset=\"https:\/\/ur-textiles.com\/wp-content\/uploads\/2022\/07\/32.jpg 963w, https:\/\/ur-textiles.com\/wp-content\/uploads\/2022\/07\/32-300x64.jpg 300w, https:\/\/ur-textiles.com\/wp-content\/uploads\/2022\/07\/32-768x163.jpg 768w, https:\/\/ur-textiles.com\/wp-content\/uploads\/2022\/07\/32-18x4.jpg 18w, https:\/\/ur-textiles.com\/wp-content\/uploads\/2022\/07\/32-600x127.jpg 600w\" sizes=\"(max-width: 963px) 100vw, 963px\" \/><\/p>\n<div class=\"row\">\n<div class=\"col-12\">\n<div class=\"row\">\n<div class=\"col-xl-9\">\n<div class=\"row\">\n<div class=\"col-12\">\n<p class=\"goods_desc\">\u00b7 Conception structurelle innovante : l\u00e9g\u00e8re, respirante et opaque ;<br \/>\n\u00b7 Lisse et non d\u00e9cap\u00e9e. Il est plus doux au sens visuel et a la texture, le lustre et le drap\u00e9 du satin en m\u00eame temps, donnant aux gens une sensation de souplesse et d&#039;\u00e9l\u00e9gance.<br \/>\n\u00b7 Utilisant la populaire m\u00e9thode de tissage de fils bicolores TWO TONE, il a un charme natif et naturel, mais il ne rompt pas le sens g\u00e9n\u00e9ral original de la simplicit\u00e9.<\/p>\n<\/div>\n<\/div>\n<\/div>\n<\/div>\n<\/div>\n<\/div>\n<p style=\"text-align: left;\"><img decoding=\"async\" class=\"alignnone size-full wp-image-4063\" src=\"https:\/\/ur-textiles.com\/wp-content\/uploads\/2022\/07\/33.jpg\" alt=\"\" width=\"1112\" height=\"205\" title=\"\" srcset=\"https:\/\/ur-textiles.com\/wp-content\/uploads\/2022\/07\/33.jpg 1112w, https:\/\/ur-textiles.com\/wp-content\/uploads\/2022\/07\/33-300x55.jpg 300w, https:\/\/ur-textiles.com\/wp-content\/uploads\/2022\/07\/33-1024x189.jpg 1024w, https:\/\/ur-textiles.com\/wp-content\/uploads\/2022\/07\/33-768x142.jpg 768w, https:\/\/ur-textiles.com\/wp-content\/uploads\/2022\/07\/33-18x3.jpg 18w, https:\/\/ur-textiles.com\/wp-content\/uploads\/2022\/07\/33-600x111.jpg 600w\" sizes=\"(max-width: 1112px) 100vw, 1112px\" \/><\/p>\n<p>\u00b7 Adopter des fils sp\u00e9ciaux import\u00e9s de l&#039;\u00e9tranger, strictement contr\u00f4l\u00e9s par 14 processus, puis fix\u00e9s \u00e0 haute temp\u00e9rature\u00a0;<br \/>\n\u00b7Lisse et ne perd pas. Il est plus doux au sens visuel et a la texture, le lustre et le drap\u00e9 du satin en m\u00eame temps, donnant aux gens une sensation de souplesse et d&#039;\u00e9l\u00e9gance.<br \/>\n\u00b7 Utilisant la populaire m\u00e9thode de tissage de fils bicolores TWO TONE, il a un charme natif et naturel, mais il ne rompt pas le sens g\u00e9n\u00e9ral original de la simplicit\u00e9.<\/p>\n<p style=\"text-align: left;\"><img loading=\"lazy\" decoding=\"async\" class=\"alignnone size-full wp-image-4064\" src=\"https:\/\/ur-textiles.com\/wp-content\/uploads\/2022\/07\/34.jpg\" alt=\"\" width=\"960\" height=\"201\" title=\"\" srcset=\"https:\/\/ur-textiles.com\/wp-content\/uploads\/2022\/07\/34.jpg 960w, https:\/\/ur-textiles.com\/wp-content\/uploads\/2022\/07\/34-300x63.jpg 300w, https:\/\/ur-textiles.com\/wp-content\/uploads\/2022\/07\/34-768x161.jpg 768w, https:\/\/ur-textiles.com\/wp-content\/uploads\/2022\/07\/34-18x4.jpg 18w, https:\/\/ur-textiles.com\/wp-content\/uploads\/2022\/07\/34-600x126.jpg 600w\" sizes=\"(max-width: 960px) 100vw, 960px\" \/><\/p>\n<p><span class=\"\">\u00b7 Adopter des fils sp\u00e9ciaux import\u00e9s de l&#039;\u00e9tranger, strictement contr\u00f4l\u00e9s par 14 processus, puis fix\u00e9s \u00e0 haute temp\u00e9rature\u00a0;<\/span><br \/>\n<span class=\"\">\u00b7Lisse et ne perd pas.\u00a0<\/span>Il est plus doux au sens visuel et a la texture, le lustre et le drap\u00e9 du satin en m\u00eame temps, donnant aux gens une sensation de souplesse et d&#039;\u00e9l\u00e9gance.<br \/>\n\u00b7 Utilisant la populaire m\u00e9thode de tissage de fils bicolores TWO TONE, il a un charme natif et naturel, mais il ne rompt pas le sens g\u00e9n\u00e9ral original de la simplicit\u00e9.<\/p>\n<p style=\"text-align: left;\"><img loading=\"lazy\" decoding=\"async\" class=\"alignnone size-full wp-image-4065\" src=\"https:\/\/ur-textiles.com\/wp-content\/uploads\/2022\/07\/35.jpg\" alt=\"\" width=\"496\" height=\"195\" title=\"\" srcset=\"https:\/\/ur-textiles.com\/wp-content\/uploads\/2022\/07\/35.jpg 496w, https:\/\/ur-textiles.com\/wp-content\/uploads\/2022\/07\/35-300x118.jpg 300w, https:\/\/ur-textiles.com\/wp-content\/uploads\/2022\/07\/35-18x7.jpg 18w\" sizes=\"(max-width: 496px) 100vw, 496px\" \/><\/p>\n<p><span class=\"\">\u00b7 Adoptez un tissu de base anti-indentation, le tissu de base a une texture semblable \u00e0 de la laine et il n&#039;est pas facile d&#039;indenter le tissu lorsque le motif est enroul\u00e9;<\/span><br \/>\n<span class=\"\">\u00b7 La conception du motif est exquise et d\u00e9licate, et la correspondance des couleurs est douce et confortable.<\/span><br \/>\n<span class=\"\">\u00b7 Tissage maigre, le tissu a une bonne plan\u00e9it\u00e9 et une partie de gaze est trait\u00e9e avec anti-vertige, et la vision suspendue est plus confortable.<\/span><\/p>\n<p><img loading=\"lazy\" decoding=\"async\" class=\"alignnone size-full wp-image-4066 alignleft\" style=\"font-style: inherit; font-weight: inherit; text-align: center;\" src=\"https:\/\/ur-textiles.com\/wp-content\/uploads\/2022\/07\/36.jpg\" alt=\"\" width=\"484\" height=\"192\" title=\"\" srcset=\"https:\/\/ur-textiles.com\/wp-content\/uploads\/2022\/07\/36.jpg 484w, https:\/\/ur-textiles.com\/wp-content\/uploads\/2022\/07\/36-300x119.jpg 300w, https:\/\/ur-textiles.com\/wp-content\/uploads\/2022\/07\/36-18x7.jpg 18w\" sizes=\"(max-width: 484px) 100vw, 484px\" \/><\/p>\n<p>&nbsp;<\/p>\n<p>&nbsp;<\/p>\n<p>&nbsp;<\/p>\n<p>&nbsp;<\/p>\n<p>&nbsp;<\/p>\n<p><span class=\"goog-text-highlight\">\u00b7 Utilisant un noyau interne en fibre de verre, le tissu a une r\u00e9sistance m\u00e9canique \u00e9lev\u00e9e, une bonne plan\u00e9it\u00e9 et une r\u00e9sistance au feu \u00e9lev\u00e9e, ce qui convient parfaitement aux projets d&#039;outillage;<\/span><br \/>\n<span class=\"goog-text-highlight\">\u00b7 Utilisant du PVC de haute qualit\u00e9 et des additifs de protection de l&#039;environnement, le tissu a un degr\u00e9 \u00e9lev\u00e9 de r\u00e9sistance au vieillissement et peut r\u00e9sister \u00e0 des tests environnementaux extr\u00eames tels que le soleil froid et chaud s\u00e9v\u00e8re ;<\/span><br \/>\n<span class=\"goog-text-highlight\">\u00b7 Sain et respectueux de l&#039;environnement, adapt\u00e9 \u00e0 une vari\u00e9t\u00e9 d&#039;environnements d&#039;ombrage int\u00e9rieurs, avec une large gamme d&#039;applications.<\/span><\/p>","protected":false},"excerpt":{"rendered":"<p>zebra curtain fabric manufacturers in China &nbsp; &nbsp; &nbsp; &nbsp; \u00b7 Innovative fabric color, in line with international fashion; \u00b7 Soft touch, warm and luxurious visual effect; \u00b7 Using special processing technology to produce yarn, the woven fabric has a natural soft touch,and at the same time solves the wrinkle of the fabric, With the [&hellip;]<\/p>","protected":false},"featured_media":4054,"comment_status":"open","ping_status":"closed","template":"","meta":{"site-sidebar-layout":"default","site-content-layout":"default","ast-site-content-layout":"default","site-content-style":"default","site-sidebar-style":"default","ast-global-header-display":"","ast-banner-title-visibility":"","ast-main-header-display":"","ast-hfb-above-header-display":"","ast-hfb-below-header-display":"","ast-hfb-mobile-header-display":"","site-post-title":"","ast-breadcrumbs-content":"","ast-featured-img":"","footer-sml-layout":"","ast-disable-related-posts":"","theme-transparent-header-meta":"default","adv-header-id-meta":"","stick-header-meta":"","header-above-stick-meta":"","header-main-stick-meta":"","header-below-stick-meta":"","astra-migrate-meta-layouts":"default","ast-page-background-enabled":"default","ast-page-background-meta":{"desktop":{"background-color":"","background-image":"","background-repeat":"repeat","background-position":"center center","background-size":"auto","background-attachment":"scroll","background-type":"","background-media":"","overlay-type":"","overlay-color":"","overlay-opacity":"","overlay-gradient":""},"tablet":{"background-color":"","background-image":"","background-repeat":"repeat","background-position":"center center","background-size":"auto","background-attachment":"scroll","background-type":"","background-media":"","overlay-type":"","overlay-color":"","overlay-opacity":"","overlay-gradient":""},"mobile":{"background-color":"","background-image":"","background-repeat":"repeat","background-position":"center center","background-size":"auto","background-attachment":"scroll","background-type":"","background-media":"","overlay-type":"","overlay-color":"","overlay-opacity":"","overlay-gradient":""}},"ast-content-background-meta":{"desktop":{"background-color":"var(--ast-global-color-5)","background-image":"","background-repeat":"repeat","background-position":"center center","background-size":"auto","background-attachment":"scroll","background-type":"","background-media":"","overlay-type":"","overlay-color":"","overlay-opacity":"","overlay-gradient":""},"tablet":{"background-color":"var(--ast-global-color-5)","background-image":"","background-repeat":"repeat","background-position":"center center","background-size":"auto","background-attachment":"scroll","background-type":"","background-media":"","overlay-type":"","overlay-color":"","overlay-opacity":"","overlay-gradient":""},"mobile":{"background-color":"var(--ast-global-color-5)","background-image":"","background-repeat":"repeat","background-position":"center center","background-size":"auto","background-attachment":"scroll","background-type":"","background-media":"","overlay-type":"","overlay-color":"","overlay-opacity":"","overlay-gradient":""}}},"product_brand":[],"product_cat":[100],"product_tag":[],"class_list":{"0":"post-4053","1":"product","2":"type-product","3":"status-publish","4":"has-post-thumbnail","6":"product_cat-curtain-fabric-wholesale","7":"desktop-align-left","8":"tablet-align-left","9":"mobile-align-left","11":"first","12":"instock","13":"shipping-taxable","14":"product-type-simple"},"_links":{"self":[{"href":"https:\/\/ur-textiles.com\/fr\/wp-json\/wp\/v2\/product\/4053","targetHints":{"allow":["GET"]}}],"collection":[{"href":"https:\/\/ur-textiles.com\/fr\/wp-json\/wp\/v2\/product"}],"about":[{"href":"https:\/\/ur-textiles.com\/fr\/wp-json\/wp\/v2\/types\/product"}],"replies":[{"embeddable":true,"href":"https:\/\/ur-textiles.com\/fr\/wp-json\/wp\/v2\/comments?post=4053"}],"wp:featuredmedia":[{"embeddable":true,"href":"https:\/\/ur-textiles.com\/fr\/wp-json\/wp\/v2\/media\/4054"}],"wp:attachment":[{"href":"https:\/\/ur-textiles.com\/fr\/wp-json\/wp\/v2\/media?parent=4053"}],"wp:term":[{"taxonomy":"product_brand","embeddable":true,"href":"https:\/\/ur-textiles.com\/fr\/wp-json\/wp\/v2\/product_brand?post=4053"},{"taxonomy":"product_cat","embeddable":true,"href":"https:\/\/ur-textiles.com\/fr\/wp-json\/wp\/v2\/product_cat?post=4053"},{"taxonomy":"product_tag","embeddable":true,"href":"https:\/\/ur-textiles.com\/fr\/wp-json\/wp\/v2\/product_tag?post=4053"}],"curies":[{"name":"wp","href":"https:\/\/api.w.org\/{rel}","templated":true}]}}