{"id":2677,"date":"2022-06-14T02:38:34","date_gmt":"2022-06-14T02:38:34","guid":{"rendered":"https:\/\/www.ur-textiles.com\/?post_type=product&#038;p=2677"},"modified":"2022-07-01T00:44:42","modified_gmt":"2022-07-01T00:44:42","slug":"camouflage-military-tent","status":"publish","type":"product","link":"https:\/\/ur-textiles.com\/fr\/produit\/camouflage-military-tent\/","title":{"rendered":"Fabricants de mat\u00e9riel de tente de camouflage militaire"},"content":{"rendered":"<h2>Fabricants de mat\u00e9riel de tente de camouflage militaire\u00a0: <a href=\"https:\/\/ur-textiles.com\/fr\/\">UR Textiles<\/a><\/h2>\n<p>Les caract\u00e9ristiques des tentes militaires sont : simples, pratiques, rapides, solides et durables, et utilis\u00e9es depuis des ann\u00e9es. La tente militaire est divis\u00e9e en tente d&#039;isolation et tente monocouche selon l&#039;effet d&#039;isolation; divis\u00e9 en bureau, tente de commandement, tente d&#039;h\u00e9bergement, tente de stockage, tente de sant\u00e9, tente de cuisine selon l&#039;utilisation\u00a0; divis\u00e9 en coton, tissu de fibres chimiques, tissu mixte, tissu ignifuge et tissu de protection, tissu anti-infrarouge, etc.; divis\u00e9 en tente \u00e0 cadre, tente \u00e0 poteau droit, tente gonflable selon la structure. Les tentes militaires ont des mod\u00e8les fixes et les produits sont relativement matures.<\/p>\n<p>&nbsp;<\/p>","protected":false},"excerpt":{"rendered":"<p>Mat\u00e9riau du corps : tissu camouflage Oxford imperm\u00e9able enduit d&#039;argent<\/p>\n<p>Support\u00a0: tube en aluminium automatique<\/p>","protected":false},"featured_media":2679,"comment_status":"open","ping_status":"closed","template":"","meta":{"site-sidebar-layout":"default","site-content-layout":"default","ast-site-content-layout":"default","site-content-style":"default","site-sidebar-style":"default","ast-global-header-display":"","ast-banner-title-visibility":"","ast-main-header-display":"","ast-hfb-above-header-display":"","ast-hfb-below-header-display":"","ast-hfb-mobile-header-display":"","site-post-title":"","ast-breadcrumbs-content":"","ast-featured-img":"","footer-sml-layout":"","ast-disable-related-posts":"","theme-transparent-header-meta":"default","adv-header-id-meta":"","stick-header-meta":"","header-above-stick-meta":"","header-main-stick-meta":"","header-below-stick-meta":"","astra-migrate-meta-layouts":"default","ast-page-background-enabled":"default","ast-page-background-meta":{"desktop":{"background-color":"","background-image":"","background-repeat":"repeat","background-position":"center center","background-size":"auto","background-attachment":"scroll","background-type":"","background-media":"","overlay-type":"","overlay-color":"","overlay-opacity":"","overlay-gradient":""},"tablet":{"background-color":"","background-image":"","background-repeat":"repeat","background-position":"center center","background-size":"auto","background-attachment":"scroll","background-type":"","background-media":"","overlay-type":"","overlay-color":"","overlay-opacity":"","overlay-gradient":""},"mobile":{"background-color":"","background-image":"","background-repeat":"repeat","background-position":"center center","background-size":"auto","background-attachment":"scroll","background-type":"","background-media":"","overlay-type":"","overlay-color":"","overlay-opacity":"","overlay-gradient":""}},"ast-content-background-meta":{"desktop":{"background-color":"var(--ast-global-color-5)","background-image":"","background-repeat":"repeat","background-position":"center center","background-size":"auto","background-attachment":"scroll","background-type":"","background-media":"","overlay-type":"","overlay-color":"","overlay-opacity":"","overlay-gradient":""},"tablet":{"background-color":"var(--ast-global-color-5)","background-image":"","background-repeat":"repeat","background-position":"center center","background-size":"auto","background-attachment":"scroll","background-type":"","background-media":"","overlay-type":"","overlay-color":"","overlay-opacity":"","overlay-gradient":""},"mobile":{"background-color":"var(--ast-global-color-5)","background-image":"","background-repeat":"repeat","background-position":"center center","background-size":"auto","background-attachment":"scroll","background-type":"","background-media":"","overlay-type":"","overlay-color":"","overlay-opacity":"","overlay-gradient":""}}},"product_brand":[],"product_cat":[97],"product_tag":[],"class_list":{"0":"post-2677","1":"product","2":"type-product","3":"status-publish","4":"has-post-thumbnail","6":"product_cat-tent-fabric-wholesale","7":"desktop-align-left","8":"tablet-align-left","9":"mobile-align-left","11":"first","12":"instock","13":"shipping-taxable","14":"product-type-simple"},"_links":{"self":[{"href":"https:\/\/ur-textiles.com\/fr\/wp-json\/wp\/v2\/product\/2677","targetHints":{"allow":["GET"]}}],"collection":[{"href":"https:\/\/ur-textiles.com\/fr\/wp-json\/wp\/v2\/product"}],"about":[{"href":"https:\/\/ur-textiles.com\/fr\/wp-json\/wp\/v2\/types\/product"}],"replies":[{"embeddable":true,"href":"https:\/\/ur-textiles.com\/fr\/wp-json\/wp\/v2\/comments?post=2677"}],"wp:featuredmedia":[{"embeddable":true,"href":"https:\/\/ur-textiles.com\/fr\/wp-json\/wp\/v2\/media\/2679"}],"wp:attachment":[{"href":"https:\/\/ur-textiles.com\/fr\/wp-json\/wp\/v2\/media?parent=2677"}],"wp:term":[{"taxonomy":"product_brand","embeddable":true,"href":"https:\/\/ur-textiles.com\/fr\/wp-json\/wp\/v2\/product_brand?post=2677"},{"taxonomy":"product_cat","embeddable":true,"href":"https:\/\/ur-textiles.com\/fr\/wp-json\/wp\/v2\/product_cat?post=2677"},{"taxonomy":"product_tag","embeddable":true,"href":"https:\/\/ur-textiles.com\/fr\/wp-json\/wp\/v2\/product_tag?post=2677"}],"curies":[{"name":"wp","href":"https:\/\/api.w.org\/{rel}","templated":true}]}}