{"id":263,"date":"2021-07-30T07:01:36","date_gmt":"2021-07-30T07:01:36","guid":{"rendered":"https:\/\/www.ur-textiles.com\/?page_id=263"},"modified":"2022-05-12T06:08:04","modified_gmt":"2022-05-12T06:08:04","slug":"quality-manufacturing","status":"publish","type":"page","link":"https:\/\/ur-textiles.com\/fr\/quality-manufacturing\/","title":{"rendered":"Fabrication de qualit\u00e9"},"content":{"rendered":"<div data-elementor-type=\"wp-page\" data-elementor-id=\"263\" class=\"elementor elementor-263\" data-elementor-post-type=\"page\">\n\t\t\t\t\t\t<section class=\"elementor-section elementor-top-section elementor-element elementor-element-57cb388 elementor-section-full_width elementor-section-height-min-height elementor-section-height-default elementor-section-items-middle\" data-id=\"57cb388\" data-element_type=\"section\" data-settings=\"{&quot;background_background&quot;:&quot;classic&quot;}\">\n\t\t\t\t\t\t<div class=\"elementor-container elementor-column-gap-default\">\n\t\t\t\t\t<div class=\"elementor-column elementor-col-100 elementor-top-column elementor-element elementor-element-bd1f62f\" data-id=\"bd1f62f\" data-element_type=\"column\">\n\t\t\t<div class=\"elementor-widget-wrap elementor-element-populated\">\n\t\t\t\t\t\t<div class=\"elementor-element elementor-element-5002457 uael-heading-align-center elementor-widget elementor-widget-uael-advanced-heading\" data-id=\"5002457\" data-element_type=\"widget\" data-widget_type=\"uael-advanced-heading.default\">\n\t\t\t\t<div class=\"elementor-widget-container\">\n\t\t\t\t\t\n\t\t<div class=\"uael-module-content uael-heading-wrapper\">\n\t\t\t\t\t\t<div class=\"uael-module-content uael-separator-parent\">\n\t\t\t\t\t\t\t\t<div class=\"uael-separator-wrap\">\n\t\t\t\t\t<div class=\"uael-separator-line uael-side-left\">\n\t\t\t\t\t\t<span><\/span>\n\t\t\t\t\t<\/div>\n\t\t\t\t\t<div class=\"uael-divider-content\">\n\t\t\t\t\t\t\t\t\t\t\t\t<h3 class=\"uael-divider-text elementor-inline-editing\" data-elementor-setting-key=\"heading_line_text\" data-elementor-inline-editing-toolbar=\"basic\">UR Textiles<\/h3>\n\t\t\t\t\t<\/div>\n\t\t\t\t\t<div class=\"uael-separator-line uael-side-right\">\n\t\t\t\t\t\t<span><\/span>\n\t\t\t\t\t<\/div>\n\t\t\t\t<\/div>\n\t\t\t\t\t\t\t\t\t\t<\/div>\n\t\t\t\t\t\t\n\t\t\t<h1 class=\"uael-heading\">\n\t\t\t\t\t\t\t\t\t\t<span class=\"uael-heading-text elementor-inline-editing uael-size--default\" data-elementor-setting-key=\"heading_title\" data-elementor-inline-editing-toolbar=\"basic\">Fabrication de qualit\u00e9<\/span>\n\t\t\t\t\t\t\t<\/h1>\n\n\t\t\t\n\t\t\t\n\t\t\t\t\t\t\t<div class=\"uael-subheading elementor-inline-editing\" data-elementor-setting-key=\"heading_description\" data-elementor-inline-editing-toolbar=\"advanced\" >\n\t\t\t\t\tFournisseur de solutions textiles flexibles\t\t\t\t<\/div>\n\t\t\t\t\n\t\t\t\t\t\t<\/div>\n\t\t\t\t\t\t<\/div>\n\t\t\t\t<\/div>\n\t\t\t\t\t<\/div>\n\t\t<\/div>\n\t\t\t\t\t<\/div>\n\t\t<\/section>\n\t\t\t\t<section class=\"elementor-section elementor-top-section elementor-element elementor-element-2861c76 elementor-section-boxed elementor-section-height-default elementor-section-height-default\" data-id=\"2861c76\" data-element_type=\"section\">\n\t\t\t\t\t\t<div class=\"elementor-container elementor-column-gap-default\">\n\t\t\t\t\t<div class=\"elementor-column elementor-col-100 elementor-top-column elementor-element elementor-element-359bc14b\" data-id=\"359bc14b\" data-element_type=\"column\">\n\t\t\t<div class=\"elementor-widget-wrap elementor-element-populated\">\n\t\t\t\t\t\t<div class=\"elementor-element elementor-element-6afe5020 elementor-widget elementor-widget-heading\" data-id=\"6afe5020\" data-element_type=\"widget\" data-widget_type=\"heading.default\">\n\t\t\t\t<div class=\"elementor-widget-container\">\n\t\t\t\t\t<h2 class=\"elementor-heading-title elementor-size-default\">UR Fabrication de textiles,<br>O\u00f9 commence la satisfaction 99.9%<\/h2>\t\t\t\t<\/div>\n\t\t\t\t<\/div>\n\t\t\t\t<div class=\"elementor-element elementor-element-66c05d64 elementor-widget elementor-widget-text-editor\" data-id=\"66c05d64\" data-element_type=\"widget\" data-widget_type=\"text-editor.default\">\n\t\t\t\t<div class=\"elementor-widget-container\">\n\t\t\t\t\t\t\t\t\t<p>Notre usine a \u00e9t\u00e9 cr\u00e9\u00e9e en 2002, est l&#039;entreprise de fabrication professionnelle de tissus chimiques. Il couvre une superficie de 50 000 m\u00e8tres carr\u00e9s, compte plus de 500 employ\u00e9s et dispose d&#039;un ensemble complet de syst\u00e8mes de production allant de la recherche et du d\u00e9veloppement, \u00e0 l&#039;achat de mat\u00e9riaux, \u00e0 la production, \u00e0 l&#039;inspection, \u00e0 l&#039;emballage de textiles et \u00e0 l&#039;exportation.<\/p><p>Les produits d&#039;UR sont fabriqu\u00e9s selon un syst\u00e8me de contr\u00f4le de qualit\u00e9 strict, et chaque produit fabriqu\u00e9 gr\u00e2ce \u00e0 une inspection de qualit\u00e9 stricte est conforme aux normes internationales et a obtenu diverses certifications.<\/p><p>Tous nos travailleurs qualifi\u00e9s et exp\u00e9riment\u00e9s, un syst\u00e8me de contr\u00f4le qualit\u00e9 strict, une excellente \u00e9quipe de gestion et une \u00e9quipe de travail et un \u0153il attentif sur le march\u00e9 des textiles pour garantir que nos produits r\u00e9pondent aux normes internationales.<\/p>\t\t\t\t\t\t\t\t<\/div>\n\t\t\t\t<\/div>\n\t\t\t\t<div class=\"elementor-element elementor-element-a239490 elementor-widget elementor-widget-image-carousel\" data-id=\"a239490\" data-element_type=\"widget\" data-settings=\"{&quot;slides_to_show&quot;:&quot;1&quot;,&quot;navigation&quot;:&quot;none&quot;,&quot;autoplay_speed&quot;:1000,&quot;effect&quot;:&quot;fade&quot;,&quot;speed&quot;:3000,&quot;autoplay&quot;:&quot;yes&quot;,&quot;pause_on_hover&quot;:&quot;yes&quot;,&quot;pause_on_interaction&quot;:&quot;yes&quot;,&quot;infinite&quot;:&quot;yes&quot;}\" data-widget_type=\"image-carousel.default\">\n\t\t\t\t<div class=\"elementor-widget-container\">\n\t\t\t\t\t\t\t<div class=\"elementor-image-carousel-wrapper swiper\" role=\"region\" aria-roledescription=\"carousel\" aria-label=\"Carrousel d\u2019images\" dir=\"ltr\">\n\t\t\t<div class=\"elementor-image-carousel swiper-wrapper swiper-image-stretch\" aria-live=\"off\">\n\t\t\t\t\t\t\t\t<div class=\"swiper-slide\" role=\"group\" aria-roledescription=\"slide\" aria-label=\"1 sur 3\" data-no-translation-aria-label=\"\"><figure class=\"swiper-slide-inner\"><img decoding=\"async\" class=\"swiper-slide-image\" src=\"https:\/\/ur-textiles.com\/wp-content\/uploads\/2021\/07\/15-scaled-e1627630368493.jpg\" alt=\"15\" title=\"\"><\/figure><\/div><div class=\"swiper-slide\" role=\"group\" aria-roledescription=\"slide\" aria-label=\"2 sur 3\" data-no-translation-aria-label=\"\"><figure class=\"swiper-slide-inner\"><img decoding=\"async\" class=\"swiper-slide-image\" src=\"https:\/\/ur-textiles.com\/wp-content\/uploads\/2021\/07\/17-scaled-e1627629857985.jpg\" alt=\"17\" title=\"\"><\/figure><\/div><div class=\"swiper-slide\" role=\"group\" aria-roledescription=\"slide\" aria-label=\"3 sur 3\" data-no-translation-aria-label=\"\"><figure class=\"swiper-slide-inner\"><img decoding=\"async\" class=\"swiper-slide-image\" src=\"https:\/\/ur-textiles.com\/wp-content\/uploads\/2021\/07\/14-scaled-e1627630302288.jpg\" alt=\"14\" title=\"\"><\/figure><\/div>\t\t\t<\/div>\n\t\t\t\t\t\t\t\n\t\t\t\t\t\t\t\t\t<\/div>\n\t\t\t\t\t\t<\/div>\n\t\t\t\t<\/div>\n\t\t\t\t\t<\/div>\n\t\t<\/div>\n\t\t\t\t\t<\/div>\n\t\t<\/section>\n\t\t\t\t<section class=\"elementor-section elementor-top-section elementor-element elementor-element-989f020 elementor-section-boxed elementor-section-height-default elementor-section-height-default\" data-id=\"989f020\" data-element_type=\"section\">\n\t\t\t\t\t\t<div class=\"elementor-container elementor-column-gap-default\">\n\t\t\t\t\t<div class=\"elementor-column elementor-col-100 elementor-top-column elementor-element elementor-element-49aaf22\" data-id=\"49aaf22\" data-element_type=\"column\">\n\t\t\t<div class=\"elementor-widget-wrap elementor-element-populated\">\n\t\t\t\t\t\t<div class=\"elementor-element elementor-element-232a0baa elementor-widget elementor-widget-heading\" data-id=\"232a0baa\" data-element_type=\"widget\" data-widget_type=\"heading.default\">\n\t\t\t\t<div class=\"elementor-widget-container\">\n\t\t\t\t\t<h2 class=\"elementor-heading-title elementor-size-default\">La production de textiles UR <br>Vos prochains vendeurs chauds<\/h2>\t\t\t\t<\/div>\n\t\t\t\t<\/div>\n\t\t\t\t<section class=\"elementor-section elementor-inner-section elementor-element elementor-element-3f125b9d elementor-section-full_width elementor-section-height-default elementor-section-height-default\" data-id=\"3f125b9d\" data-element_type=\"section\">\n\t\t\t\t\t\t<div class=\"elementor-container elementor-column-gap-custom\">\n\t\t\t\t\t<div class=\"elementor-column elementor-col-50 elementor-inner-column elementor-element elementor-element-3162d738\" data-id=\"3162d738\" data-element_type=\"column\">\n\t\t\t<div class=\"elementor-widget-wrap elementor-element-populated\">\n\t\t\t\t\t\t<div class=\"elementor-element elementor-element-6a67dbc5 elementor-widget elementor-widget-image\" data-id=\"6a67dbc5\" data-element_type=\"widget\" data-widget_type=\"image.default\">\n\t\t\t\t<div class=\"elementor-widget-container\">\n\t\t\t\t\t\t\t\t\t\t\t\t\t\t\t<img fetchpriority=\"high\" decoding=\"async\" width=\"640\" height=\"427\" src=\"https:\/\/ur-textiles.com\/wp-content\/uploads\/2021\/07\/picsea-EScC.jpg\" class=\"attachment-large size-large wp-image-291\" alt=\"\" srcset=\"https:\/\/ur-textiles.com\/wp-content\/uploads\/2021\/07\/picsea-EScC.jpg 640w, https:\/\/ur-textiles.com\/wp-content\/uploads\/2021\/07\/picsea-EScC-600x400.jpg 600w, https:\/\/ur-textiles.com\/wp-content\/uploads\/2021\/07\/picsea-EScC-300x200.jpg 300w\" sizes=\"(max-width: 640px) 100vw, 640px\" title=\"\">\t\t\t\t\t\t\t\t\t\t\t\t\t\t\t<\/div>\n\t\t\t\t<\/div>\n\t\t\t\t\t<\/div>\n\t\t<\/div>\n\t\t\t\t<div class=\"elementor-column elementor-col-50 elementor-inner-column elementor-element elementor-element-3eeefe8d\" data-id=\"3eeefe8d\" data-element_type=\"column\">\n\t\t\t<div class=\"elementor-widget-wrap elementor-element-populated\">\n\t\t\t\t\t\t<div class=\"elementor-element elementor-element-1e103dbb elementor-widget elementor-widget-heading\" data-id=\"1e103dbb\" data-element_type=\"widget\" data-widget_type=\"heading.default\">\n\t\t\t\t<div class=\"elementor-widget-container\">\n\t\t\t\t\t<h2 class=\"elementor-heading-title elementor-size-default\">Mat\u00e9riaux de haute qualit\u00e9 et s\u00fbrs<\/h2>\t\t\t\t<\/div>\n\t\t\t\t<\/div>\n\t\t\t\t<div class=\"elementor-element elementor-element-7e8c0553 elementor-widget elementor-widget-text-editor\" data-id=\"7e8c0553\" data-element_type=\"widget\" data-widget_type=\"text-editor.default\">\n\t\t\t\t<div class=\"elementor-widget-container\">\n\t\t\t\t\t\t\t\t\t<p>L&#039;approvisionnement responsable en mati\u00e8res premi\u00e8res est un bon point de d\u00e9part pour une pratique de fabrication \u00e9thique.<\/p><p>Nous achetons tous nos mat\u00e9riaux de mani\u00e8re \u00e9thique et veillons \u00e0 ce qu&#039;ils soient obtenus de mani\u00e8re responsable et durable. Les travailleurs impliqu\u00e9s dans leur fabrication sont en s\u00e9curit\u00e9 et trait\u00e9s \u00e9quitablement. Les impacts environnementaux, sociaux et l&#039;exp\u00e9rience utilisateur sont tous pris en compte tout au long du processus.<\/p><p>Les produits d&#039;UR Textile, qu&#039;il s&#039;agisse de textile lui-m\u00eame ou d&#039;autres mat\u00e9riaux tels que les colorants, chaque produit dans la production de mat\u00e9riaux soigneusement s\u00e9lectionn\u00e9s. Bonne qualit\u00e9, haute performance, protection de l&#039;environnement et non dangereux et non toxique sont les principes de base de notre s\u00e9lection de mat\u00e9riaux. Les meilleurs mat\u00e9riaux doivent \u00eatre s\u00e9lectionn\u00e9s pour les produits requis pour assurer la qualit\u00e9 des produits.<\/p>\t\t\t\t\t\t\t\t<\/div>\n\t\t\t\t<\/div>\n\t\t\t\t\t<\/div>\n\t\t<\/div>\n\t\t\t\t\t<\/div>\n\t\t<\/section>\n\t\t\t\t<section class=\"elementor-section elementor-inner-section elementor-element elementor-element-4d0224c3 elementor-section-full_width elementor-section-content-middle elementor-reverse-mobile elementor-section-height-default elementor-section-height-default\" data-id=\"4d0224c3\" data-element_type=\"section\">\n\t\t\t\t\t\t<div class=\"elementor-container elementor-column-gap-custom\">\n\t\t\t\t\t<div class=\"elementor-column elementor-col-50 elementor-inner-column elementor-element elementor-element-55fab7a4\" data-id=\"55fab7a4\" data-element_type=\"column\">\n\t\t\t<div class=\"elementor-widget-wrap elementor-element-populated\">\n\t\t\t\t\t\t<div class=\"elementor-element elementor-element-2c3c7125 elementor-widget elementor-widget-heading\" data-id=\"2c3c7125\" data-element_type=\"widget\" data-widget_type=\"heading.default\">\n\t\t\t\t<div class=\"elementor-widget-container\">\n\t\t\t\t\t<h2 class=\"elementor-heading-title elementor-size-default\">Le contr\u00f4le qualit\u00e9 \u00e9tape par \u00e9tape garantit que chaque scooter et planche \u00e0 roulettes<\/h2>\t\t\t\t<\/div>\n\t\t\t\t<\/div>\n\t\t\t\t<div class=\"elementor-element elementor-element-3575935 elementor-widget elementor-widget-text-editor\" data-id=\"3575935\" data-element_type=\"widget\" data-widget_type=\"text-editor.default\">\n\t\t\t\t<div class=\"elementor-widget-container\">\n\t\t\t\t\t\t\t\t\t<p>Tous nos textiles sont con\u00e7us pour offrir une perfection extr\u00eame, cependant, ce n&#039;est pas toujours parfait car chaque produit implique plusieurs \u00e9tapes de production. Et pour garantir que chaque tissu est aussi parfait qu&#039;il devrait l&#039;\u00eatre dans vos emballages, chez UR, nous avons notre propre syst\u00e8me de contr\u00f4le qualit\u00e9 pour effectuer un contr\u00f4le approfondi.<br \/>La proc\u00e9dure est que nous mettons en place plusieurs sp\u00e9cialistes qui se chargent sp\u00e9cifiquement du contr\u00f4le qualit\u00e9 de leur douceur et de leur r\u00e9sistance juste apr\u00e8s le tricotage du tissu. Nous avons soigneusement s\u00e9lectionn\u00e9 les d\u00e9fectueux et pris des mesures standard.<br \/>Sans oublier, nous sommes stricts sur la r\u00e9f\u00e9rence de vos besoins requis, en ramassant de nouveaux moules qui pr\u00e9sentent le bon design et la bonne fonction. Pas \u00e0 pas, nous fabriquons de merveilleux textiles qui conviennent parfaitement \u00e0 votre entreprise et \u00e0 vos clients.<\/p>\t\t\t\t\t\t\t\t<\/div>\n\t\t\t\t<\/div>\n\t\t\t\t\t<\/div>\n\t\t<\/div>\n\t\t\t\t<div class=\"elementor-column elementor-col-50 elementor-inner-column elementor-element elementor-element-5f8401bc\" data-id=\"5f8401bc\" data-element_type=\"column\">\n\t\t\t<div class=\"elementor-widget-wrap elementor-element-populated\">\n\t\t\t\t\t\t<div class=\"elementor-element elementor-element-c01f803 elementor-widget elementor-widget-image\" data-id=\"c01f803\" data-element_type=\"widget\" data-widget_type=\"image.default\">\n\t\t\t\t<div class=\"elementor-widget-container\">\n\t\t\t\t\t\t\t\t\t\t\t\t\t\t\t<img decoding=\"async\" width=\"826\" height=\"552\" src=\"https:\/\/ur-textiles.com\/wp-content\/uploads\/2021\/07\/e6d75adbea4f3ffa98930cc465ff375.png\" class=\"attachment-large size-large wp-image-290\" alt=\"modal fabric factory\" srcset=\"https:\/\/ur-textiles.com\/wp-content\/uploads\/2021\/07\/e6d75adbea4f3ffa98930cc465ff375.png 826w, https:\/\/ur-textiles.com\/wp-content\/uploads\/2021\/07\/e6d75adbea4f3ffa98930cc465ff375-600x401.png 600w, https:\/\/ur-textiles.com\/wp-content\/uploads\/2021\/07\/e6d75adbea4f3ffa98930cc465ff375-300x200.png 300w, https:\/\/ur-textiles.com\/wp-content\/uploads\/2021\/07\/e6d75adbea4f3ffa98930cc465ff375-768x513.png 768w\" sizes=\"(max-width: 826px) 100vw, 826px\" title=\"\">\t\t\t\t\t\t\t\t\t\t\t\t\t\t\t<\/div>\n\t\t\t\t<\/div>\n\t\t\t\t\t<\/div>\n\t\t<\/div>\n\t\t\t\t\t<\/div>\n\t\t<\/section>\n\t\t\t\t<section class=\"elementor-section elementor-inner-section elementor-element elementor-element-27e3c12d elementor-section-full_width elementor-section-height-default elementor-section-height-default\" data-id=\"27e3c12d\" data-element_type=\"section\">\n\t\t\t\t\t\t<div class=\"elementor-container elementor-column-gap-custom\">\n\t\t\t\t\t<div class=\"elementor-column elementor-col-50 elementor-inner-column elementor-element elementor-element-7bb405d9\" data-id=\"7bb405d9\" data-element_type=\"column\">\n\t\t\t<div class=\"elementor-widget-wrap elementor-element-populated\">\n\t\t\t\t\t\t<div class=\"elementor-element elementor-element-2f76b756 elementor-widget elementor-widget-image\" data-id=\"2f76b756\" data-element_type=\"widget\" data-widget_type=\"image.default\">\n\t\t\t\t<div class=\"elementor-widget-container\">\n\t\t\t\t\t\t\t\t\t\t\t\t\t\t\t<img decoding=\"async\" width=\"640\" height=\"459\" src=\"https:\/\/ur-textiles.com\/wp-content\/uploads\/2021\/08\/lalit-kumar-dmGV8oau3Fo.jpg\" class=\"attachment-large size-large wp-image-497\" alt=\"recycled fiber fabric\" srcset=\"https:\/\/ur-textiles.com\/wp-content\/uploads\/2021\/08\/lalit-kumar-dmGV8oau3Fo.jpg 640w, https:\/\/ur-textiles.com\/wp-content\/uploads\/2021\/08\/lalit-kumar-dmGV8oau3Fo-600x430.jpg 600w, https:\/\/ur-textiles.com\/wp-content\/uploads\/2021\/08\/lalit-kumar-dmGV8oau3Fo-300x215.jpg 300w\" sizes=\"(max-width: 640px) 100vw, 640px\" title=\"\">\t\t\t\t\t\t\t\t\t\t\t\t\t\t\t<\/div>\n\t\t\t\t<\/div>\n\t\t\t\t\t<\/div>\n\t\t<\/div>\n\t\t\t\t<div class=\"elementor-column elementor-col-50 elementor-inner-column elementor-element elementor-element-64e6cc03\" data-id=\"64e6cc03\" data-element_type=\"column\">\n\t\t\t<div class=\"elementor-widget-wrap elementor-element-populated\">\n\t\t\t\t\t\t<div class=\"elementor-element elementor-element-2f6345fc elementor-widget elementor-widget-heading\" data-id=\"2f6345fc\" data-element_type=\"widget\" data-widget_type=\"heading.default\">\n\t\t\t\t<div class=\"elementor-widget-container\">\n\t\t\t\t\t<h2 class=\"elementor-heading-title elementor-size-default\">Niveau de fabrication de classe mondiale <\/h2>\t\t\t\t<\/div>\n\t\t\t\t<\/div>\n\t\t\t\t<div class=\"elementor-element elementor-element-6a927793 elementor-widget elementor-widget-text-editor\" data-id=\"6a927793\" data-element_type=\"widget\" data-widget_type=\"text-editor.default\">\n\t\t\t\t<div class=\"elementor-widget-container\">\n\t\t\t\t\t\t\t\t\t<p>La soci\u00e9t\u00e9 a \u00e9t\u00e9 \u00e9quip\u00e9e de c\u00e2blage, de filage et de tissage, d&#039;impression par transfert thermique et d&#039;autres technologies et processus d&#039;installation qui r\u00e9pondent aux normes de l&#039;Europe et des \u00c9tats-Unis, et chaque lien est soigneusement contr\u00f4l\u00e9 pour am\u00e9liorer la qualit\u00e9 des produits et offrir aux consommateurs les meilleurs produits .<br \/>Chaque produit a subi une inspection stricte, conform\u00e9ment aux normes internationales, et a re\u00e7u diverses certifications et tests pour garantir que chaque produit est s\u00fbr et s\u00e9curis\u00e9, garantissant que les consommateurs peuvent l&#039;utiliser en toute tranquillit\u00e9 d&#039;esprit.<br \/>Nous avons obtenu diverses certifications telles que la norme Oeko-tex 100, EN, SGS, ITS, etc., qui garantissent la qualit\u00e9 de nos produits.<\/p>\t\t\t\t\t\t\t\t<\/div>\n\t\t\t\t<\/div>\n\t\t\t\t\t<\/div>\n\t\t<\/div>\n\t\t\t\t\t<\/div>\n\t\t<\/section>\n\t\t\t\t\t<\/div>\n\t\t<\/div>\n\t\t\t\t\t<\/div>\n\t\t<\/section>\n\t\t\t\t<section class=\"elementor-section elementor-top-section elementor-element elementor-element-7248d1f elementor-section-content-middle elementor-section-boxed elementor-section-height-default elementor-section-height-default\" data-id=\"7248d1f\" data-element_type=\"section\" data-settings=\"{&quot;background_background&quot;:&quot;classic&quot;}\">\n\t\t\t\t\t\t\t<div class=\"elementor-background-overlay\"><\/div>\n\t\t\t\t\t\t\t<div class=\"elementor-container elementor-column-gap-default\">\n\t\t\t\t\t<div class=\"elementor-column elementor-col-100 elementor-top-column elementor-element elementor-element-62679e7\" data-id=\"62679e7\" data-element_type=\"column\">\n\t\t\t<div class=\"elementor-widget-wrap elementor-element-populated\">\n\t\t\t\t\t\t<div class=\"elementor-element elementor-element-b9b63b5 elementor-widget elementor-widget-heading\" data-id=\"b9b63b5\" data-element_type=\"widget\" data-widget_type=\"heading.default\">\n\t\t\t\t<div class=\"elementor-widget-container\">\n\t\t\t\t\t<h2 class=\"elementor-heading-title elementor-size-default\">Demandez votre pack d&#039;\u00e9chantillons ou votre demande<\/h2>\t\t\t\t<\/div>\n\t\t\t\t<\/div>\n\t\t\t\t<div class=\"elementor-element elementor-element-88af22a elementor-widget elementor-widget-text-editor\" data-id=\"88af22a\" data-element_type=\"widget\" data-widget_type=\"text-editor.default\">\n\t\t\t\t<div class=\"elementor-widget-container\">\n\t\t\t\t\t\t\t\t\t<p style=\"text-align: center;\">Commandez un pack d&#039;\u00e9chantillons pour que vous puissiez sentir par vous-m\u00eame notre gamme de textiles haut de gamme.<\/p>\t\t\t\t\t\t\t\t<\/div>\n\t\t\t\t<\/div>\n\t\t\t\t<div class=\"elementor-element elementor-element-9215254 elementor-align-center elementor-widget elementor-widget-button\" data-id=\"9215254\" data-element_type=\"widget\" data-widget_type=\"button.default\">\n\t\t\t\t<div class=\"elementor-widget-container\">\n\t\t\t\t\t\t\t\t\t<div class=\"elementor-button-wrapper\">\n\t\t\t\t\t<a class=\"elementor-button elementor-button-link elementor-size-sm\" href=\"https:\/\/ur-textiles.com\/fr\/inquiry\/\">\n\t\t\t\t\t\t<span class=\"elementor-button-content-wrapper\">\n\t\t\t\t\t\t\t\t\t<span class=\"elementor-button-text\">Get Sample &amp; Quote<\/span>\n\t\t\t\t\t<\/span>\n\t\t\t\t\t<\/a>\n\t\t\t\t<\/div>\n\t\t\t\t\t\t\t\t<\/div>\n\t\t\t\t<\/div>\n\t\t\t\t\t<\/div>\n\t\t<\/div>\n\t\t\t\t\t<\/div>\n\t\t<\/section>\n\t\t\t\t<\/div>","protected":false},"excerpt":{"rendered":"<p>UR Textiles Quality Manufacturing Flexible Textiles Solution Supplier UR Textiles Manufacturing,Where 99.9% Satisfaction Starts Our factory was established in 2002, is the enterprise professionally manufacturing chemical fabrics. It covers an area of 50,000 square meters, have more than 500 staff workers and have a full set of production system from researching &amp; developing, materials purchasing, [&hellip;]<\/p>","protected":false},"author":1,"featured_media":0,"parent":0,"menu_order":0,"comment_status":"closed","ping_status":"closed","template":"","meta":{"site-sidebar-layout":"no-sidebar","site-content-layout":"page-builder","ast-site-content-layout":"default","site-content-style":"default","site-sidebar-style":"default","ast-global-header-display":"","ast-banner-title-visibility":"","ast-main-header-display":"","ast-hfb-above-header-display":"","ast-hfb-below-header-display":"","ast-hfb-mobile-header-display":"","site-post-title":"disabled","ast-breadcrumbs-content":"","ast-featured-img":"disabled","footer-sml-layout":"","ast-disable-related-posts":"","theme-transparent-header-meta":"default","adv-header-id-meta":"","stick-header-meta":"","header-above-stick-meta":"","header-main-stick-meta":"","header-below-stick-meta":"","astra-migrate-meta-layouts":"default","ast-page-background-enabled":"default","ast-page-background-meta":{"desktop":{"background-color":"","background-image":"","background-repeat":"repeat","background-position":"center center","background-size":"auto","background-attachment":"scroll","background-type":"","background-media":"","overlay-type":"","overlay-color":"","overlay-opacity":"","overlay-gradient":""},"tablet":{"background-color":"","background-image":"","background-repeat":"repeat","background-position":"center center","background-size":"auto","background-attachment":"scroll","background-type":"","background-media":"","overlay-type":"","overlay-color":"","overlay-opacity":"","overlay-gradient":""},"mobile":{"background-color":"","background-image":"","background-repeat":"repeat","background-position":"center center","background-size":"auto","background-attachment":"scroll","background-type":"","background-media":"","overlay-type":"","overlay-color":"","overlay-opacity":"","overlay-gradient":""}},"ast-content-background-meta":{"desktop":{"background-color":"var(--ast-global-color-5)","background-image":"","background-repeat":"repeat","background-position":"center center","background-size":"auto","background-attachment":"scroll","background-type":"","background-media":"","overlay-type":"","overlay-color":"","overlay-opacity":"","overlay-gradient":""},"tablet":{"background-color":"var(--ast-global-color-5)","background-image":"","background-repeat":"repeat","background-position":"center center","background-size":"auto","background-attachment":"scroll","background-type":"","background-media":"","overlay-type":"","overlay-color":"","overlay-opacity":"","overlay-gradient":""},"mobile":{"background-color":"var(--ast-global-color-5)","background-image":"","background-repeat":"repeat","background-position":"center center","background-size":"auto","background-attachment":"scroll","background-type":"","background-media":"","overlay-type":"","overlay-color":"","overlay-opacity":"","overlay-gradient":""}},"footnotes":""},"class_list":["post-263","page","type-page","status-publish","hentry"],"_links":{"self":[{"href":"https:\/\/ur-textiles.com\/fr\/wp-json\/wp\/v2\/pages\/263","targetHints":{"allow":["GET"]}}],"collection":[{"href":"https:\/\/ur-textiles.com\/fr\/wp-json\/wp\/v2\/pages"}],"about":[{"href":"https:\/\/ur-textiles.com\/fr\/wp-json\/wp\/v2\/types\/page"}],"author":[{"embeddable":true,"href":"https:\/\/ur-textiles.com\/fr\/wp-json\/wp\/v2\/users\/1"}],"replies":[{"embeddable":true,"href":"https:\/\/ur-textiles.com\/fr\/wp-json\/wp\/v2\/comments?post=263"}],"version-history":[{"count":22,"href":"https:\/\/ur-textiles.com\/fr\/wp-json\/wp\/v2\/pages\/263\/revisions"}],"predecessor-version":[{"id":2261,"href":"https:\/\/ur-textiles.com\/fr\/wp-json\/wp\/v2\/pages\/263\/revisions\/2261"}],"wp:attachment":[{"href":"https:\/\/ur-textiles.com\/fr\/wp-json\/wp\/v2\/media?parent=263"}],"curies":[{"name":"wp","href":"https:\/\/api.w.org\/{rel}","templated":true}]}}