{"id":212,"date":"2021-07-30T03:38:22","date_gmt":"2021-07-30T03:38:22","guid":{"rendered":"https:\/\/www.ur-textiles.com\/?page_id=212"},"modified":"2021-08-10T01:31:24","modified_gmt":"2021-08-10T01:31:24","slug":"inquiry","status":"publish","type":"page","link":"https:\/\/ur-textiles.com\/fr\/inquiry\/","title":{"rendered":"Demande"},"content":{"rendered":"<div data-elementor-type=\"wp-page\" data-elementor-id=\"212\" class=\"elementor elementor-212\" data-elementor-post-type=\"page\">\n\t\t\t\t\t\t<section class=\"elementor-section elementor-top-section elementor-element elementor-element-4f74357 elementor-section-full_width elementor-section-height-min-height elementor-section-height-default elementor-section-items-middle\" data-id=\"4f74357\" data-element_type=\"section\" data-settings=\"{&quot;background_background&quot;:&quot;classic&quot;}\">\n\t\t\t\t\t\t<div class=\"elementor-container elementor-column-gap-default\">\n\t\t\t\t\t<div class=\"elementor-column elementor-col-100 elementor-top-column elementor-element elementor-element-9f99701\" data-id=\"9f99701\" data-element_type=\"column\">\n\t\t\t<div class=\"elementor-widget-wrap elementor-element-populated\">\n\t\t\t\t\t\t<div class=\"elementor-element elementor-element-75a6ed4 uael-heading-align-center elementor-widget elementor-widget-uael-advanced-heading\" data-id=\"75a6ed4\" data-element_type=\"widget\" data-widget_type=\"uael-advanced-heading.default\">\n\t\t\t\t<div class=\"elementor-widget-container\">\n\t\t\t\t\t\n\t\t<div class=\"uael-module-content uael-heading-wrapper\">\n\t\t\t\t\t\t<div class=\"uael-module-content uael-separator-parent\">\n\t\t\t\t\t\t\t\t<div class=\"uael-separator-wrap\">\n\t\t\t\t\t<div class=\"uael-separator-line uael-side-left\">\n\t\t\t\t\t\t<span><\/span>\n\t\t\t\t\t<\/div>\n\t\t\t\t\t<div class=\"uael-divider-content\">\n\t\t\t\t\t\t\t\t\t\t\t\t<h3 class=\"uael-divider-text elementor-inline-editing\" data-elementor-setting-key=\"heading_line_text\" data-elementor-inline-editing-toolbar=\"basic\">UR Textiles<\/h3>\n\t\t\t\t\t<\/div>\n\t\t\t\t\t<div class=\"uael-separator-line uael-side-right\">\n\t\t\t\t\t\t<span><\/span>\n\t\t\t\t\t<\/div>\n\t\t\t\t<\/div>\n\t\t\t\t\t\t\t\t\t\t<\/div>\n\t\t\t\t\t\t\n\t\t\t<h1 class=\"uael-heading\">\n\t\t\t\t\t\t\t\t\t\t<span class=\"uael-heading-text elementor-inline-editing uael-size--default\" data-elementor-setting-key=\"heading_title\" data-elementor-inline-editing-toolbar=\"basic\">Demande<\/span>\n\t\t\t\t\t\t\t<\/h1>\n\n\t\t\t\n\t\t\t\n\t\t\t\t\t\t\t<div class=\"uael-subheading elementor-inline-editing\" data-elementor-setting-key=\"heading_description\" data-elementor-inline-editing-toolbar=\"advanced\" >\n\t\t\t\t\tFournisseur de solutions textiles flexibles\t\t\t\t<\/div>\n\t\t\t\t\n\t\t\t\t\t\t<\/div>\n\t\t\t\t\t\t<\/div>\n\t\t\t\t<\/div>\n\t\t\t\t\t<\/div>\n\t\t<\/div>\n\t\t\t\t\t<\/div>\n\t\t<\/section>\n\t\t\t\t<section class=\"elementor-section elementor-top-section elementor-element elementor-element-7dcf742d elementor-section-boxed elementor-section-height-default elementor-section-height-default\" data-id=\"7dcf742d\" data-element_type=\"section\">\n\t\t\t\t\t\t<div class=\"elementor-container elementor-column-gap-default\">\n\t\t\t\t\t<div class=\"elementor-column elementor-col-100 elementor-top-column elementor-element elementor-element-37cfd71c\" data-id=\"37cfd71c\" data-element_type=\"column\">\n\t\t\t<div class=\"elementor-widget-wrap elementor-element-populated\">\n\t\t\t\t\t\t<div class=\"elementor-element elementor-element-17494076 elementor-widget elementor-widget-heading\" data-id=\"17494076\" data-element_type=\"widget\" data-widget_type=\"heading.default\">\n\t\t\t\t<div class=\"elementor-widget-container\">\n\t\t\t\t\t<h2 class=\"elementor-heading-title elementor-size-default\">Obtenez votre nouvel \u00e9chantillon<\/h2>\t\t\t\t<\/div>\n\t\t\t\t<\/div>\n\t\t\t\t<div class=\"elementor-element elementor-element-310e23e6 elementor-widget elementor-widget-text-editor\" data-id=\"310e23e6\" data-element_type=\"widget\" data-widget_type=\"text-editor.default\">\n\t\t\t\t<div class=\"elementor-widget-container\">\n\t\t\t\t\t\t\t\t\t<p>La satisfaction est un \u00e9l\u00e9ment essentiel lors de l&#039;achat de quelque chose. Et la satisfaction vient de l&#039;exp\u00e9rience. Pour r\u00e9pondre \u00e0 cette exigence, UR est dispos\u00e9 \u00e0 envoyer \u00e0 nos acheteurs des \u00e9chantillons gratuits afin qu&#039;ils puissent voir la qualit\u00e9 par eux-m\u00eames, puis commander chez nous apr\u00e8s avoir su ce qu&#039;ils obtiendront de nous et vendre aux consommateurs.<\/p><p style=\"text-align: left;\">Les \u00e9chantillons sont totalement gratuits, et s&#039;ils veulent voir tous nos produits, nous pouvons organiser un kit d&#039;\u00e9chantillons qui comprendra tous les types de <span style=\"color: #000080;\"><a style=\"color: #000080;\" href=\"https:\/\/ur-textiles.com\/fr\/products\/\"><span style=\"color: #008000;\">textile<\/span><\/a><\/span>. Tous nos services aujourd&#039;hui pour rendre votre journ\u00e9e agr\u00e9able. Commandez maintenant!<\/p>\t\t\t\t\t\t\t\t<\/div>\n\t\t\t\t<\/div>\n\t\t\t\t\t<\/div>\n\t\t<\/div>\n\t\t\t\t\t<\/div>\n\t\t<\/section>\n\t\t\t\t<section class=\"elementor-section elementor-top-section elementor-element elementor-element-d2c9bab elementor-section-boxed elementor-section-height-default elementor-section-height-default\" data-id=\"d2c9bab\" data-element_type=\"section\">\n\t\t\t\t\t\t<div class=\"elementor-container elementor-column-gap-default\">\n\t\t\t\t\t<div class=\"elementor-column elementor-col-33 elementor-top-column elementor-element elementor-element-cb3b16f\" data-id=\"cb3b16f\" data-element_type=\"column\">\n\t\t\t<div class=\"elementor-widget-wrap elementor-element-populated\">\n\t\t\t\t\t\t<div class=\"elementor-element elementor-element-744e208 elementor-widget elementor-widget-image\" data-id=\"744e208\" data-element_type=\"widget\" data-widget_type=\"image.default\">\n\t\t\t\t<div class=\"elementor-widget-container\">\n\t\t\t\t\t\t\t\t\t\t\t\t\t\t\t<img fetchpriority=\"high\" decoding=\"async\" width=\"640\" height=\"427\" src=\"https:\/\/ur-textiles.com\/wp-content\/uploads\/2021\/07\/engin-akyurt.jpg\" class=\"attachment-large size-large wp-image-220\" alt=\"\" srcset=\"https:\/\/ur-textiles.com\/wp-content\/uploads\/2021\/07\/engin-akyurt.jpg 640w, https:\/\/ur-textiles.com\/wp-content\/uploads\/2021\/07\/engin-akyurt-600x400.jpg 600w, https:\/\/ur-textiles.com\/wp-content\/uploads\/2021\/07\/engin-akyurt-300x200.jpg 300w\" sizes=\"(max-width: 640px) 100vw, 640px\" title=\"\">\t\t\t\t\t\t\t\t\t\t\t\t\t\t\t<\/div>\n\t\t\t\t<\/div>\n\t\t\t\t\t<\/div>\n\t\t<\/div>\n\t\t\t\t<div class=\"elementor-column elementor-col-33 elementor-top-column elementor-element elementor-element-421b1d3\" data-id=\"421b1d3\" data-element_type=\"column\">\n\t\t\t<div class=\"elementor-widget-wrap elementor-element-populated\">\n\t\t\t\t\t\t<div class=\"elementor-element elementor-element-e6e6cc9 elementor-widget elementor-widget-image\" data-id=\"e6e6cc9\" data-element_type=\"widget\" data-widget_type=\"image.default\">\n\t\t\t\t<div class=\"elementor-widget-container\">\n\t\t\t\t\t\t\t\t\t\t\t\t\t\t\t<img decoding=\"async\" width=\"640\" height=\"427\" src=\"https:\/\/ur-textiles.com\/wp-content\/uploads\/2021\/07\/engin-akyur.jpg\" class=\"attachment-large size-large wp-image-219\" alt=\"chiffon fabric\" srcset=\"https:\/\/ur-textiles.com\/wp-content\/uploads\/2021\/07\/engin-akyur.jpg 640w, https:\/\/ur-textiles.com\/wp-content\/uploads\/2021\/07\/engin-akyur-600x400.jpg 600w, https:\/\/ur-textiles.com\/wp-content\/uploads\/2021\/07\/engin-akyur-300x200.jpg 300w\" sizes=\"(max-width: 640px) 100vw, 640px\" title=\"\">\t\t\t\t\t\t\t\t\t\t\t\t\t\t\t<\/div>\n\t\t\t\t<\/div>\n\t\t\t\t\t<\/div>\n\t\t<\/div>\n\t\t\t\t<div class=\"elementor-column elementor-col-33 elementor-top-column elementor-element elementor-element-71918f6\" data-id=\"71918f6\" data-element_type=\"column\">\n\t\t\t<div class=\"elementor-widget-wrap elementor-element-populated\">\n\t\t\t\t\t\t<div class=\"elementor-element elementor-element-3627e71 elementor-widget elementor-widget-image\" data-id=\"3627e71\" data-element_type=\"widget\" data-widget_type=\"image.default\">\n\t\t\t\t<div class=\"elementor-widget-container\">\n\t\t\t\t\t\t\t\t\t\t\t\t\t\t\t<img decoding=\"async\" width=\"640\" height=\"427\" src=\"https:\/\/ur-textiles.com\/wp-content\/uploads\/2021\/07\/sharon-mccutcheon.jpg\" class=\"attachment-large size-large wp-image-218\" alt=\"\" srcset=\"https:\/\/ur-textiles.com\/wp-content\/uploads\/2021\/07\/sharon-mccutcheon.jpg 640w, https:\/\/ur-textiles.com\/wp-content\/uploads\/2021\/07\/sharon-mccutcheon-600x400.jpg 600w, https:\/\/ur-textiles.com\/wp-content\/uploads\/2021\/07\/sharon-mccutcheon-300x200.jpg 300w\" sizes=\"(max-width: 640px) 100vw, 640px\" title=\"\">\t\t\t\t\t\t\t\t\t\t\t\t\t\t\t<\/div>\n\t\t\t\t<\/div>\n\t\t\t\t\t<\/div>\n\t\t<\/div>\n\t\t\t\t\t<\/div>\n\t\t<\/section>\n\t\t\t\t<section class=\"elementor-section elementor-top-section elementor-element elementor-element-d95245c elementor-section-full_width elementor-section-height-default elementor-section-height-default\" data-id=\"d95245c\" data-element_type=\"section\">\n\t\t\t\t\t\t<div class=\"elementor-container elementor-column-gap-default\">\n\t\t\t\t\t<div class=\"elementor-column elementor-col-50 elementor-top-column elementor-element elementor-element-08eb7bf\" data-id=\"08eb7bf\" data-element_type=\"column\">\n\t\t\t<div class=\"elementor-widget-wrap elementor-element-populated\">\n\t\t\t\t\t\t<div class=\"elementor-element elementor-element-757ad81 elementor-widget elementor-widget-heading\" data-id=\"757ad81\" data-element_type=\"widget\" data-widget_type=\"heading.default\">\n\t\t\t\t<div class=\"elementor-widget-container\">\n\t\t\t\t\t<h2 class=\"elementor-heading-title elementor-size-default\">Foire aux questions sur les \u00e9chantillons gratuits<\/h2>\t\t\t\t<\/div>\n\t\t\t\t<\/div>\n\t\t\t\t<div class=\"elementor-element elementor-element-16d2177 uael-faq-box-layout-yes align-at-left elementor-widget elementor-widget-uael-faq\" data-id=\"16d2177\" data-element_type=\"widget\" data-widget_type=\"uael-faq.default\">\n\t\t\t\t<div class=\"elementor-widget-container\">\n\t\t\t\t\t\n\t\t\t<div id='uael-faq-wrapper-239' class=\"uael-faq-wrapper\">\n\t\t\t\t<div class=\"uael-faq-container uael-faq-layout-accordion\" data-layout=\"accordion\" >\n\t\t\t\t\t\t\t\t\t\t\t\t<div id=\"uael-accordion-5028fd3\" class=\"uael-faq-accordion\" role=\"tablist\">\n\t\t\t\t\t\t\t\t<div class= \"uael-accordion-title\" aria-expanded=\"false\" role=\"tab\">\n\t\t\t\t\t\t\t\t\t<span class=\"uael-accordion-icon uael-accordion-icon-left\">\n\t\t\t\t\t\t\t\t\t\t<span class=\"uael-accordion-icon-closed\"><i class=\"fas fa-angle-right\"><\/i><\/span>\n\t\t\t\t\t\t\t\t\t\t<span class=\"uael-accordion-icon-opened\"><i class=\"fas fa-angle-up\"><\/i><\/span>\n\t\t\t\t\t\t\t\t\t<\/span>\n\t\t\t\t\t\t\t\t\t<span class=\"uael-question-5028fd3 uael-question-span\" tabindex=\"0\" id=\"uael-faq-1-69d38accd73b4\">Pourquoi offrirez-vous des \u00e9chantillons gratuits?<\/span>\n\t\t\t\t\t\t\t\t<\/div>\n\t\t\t\t\t\t\t\t<div class=\"uael-accordion-content\" role=\"tabpanel\">\n\t\t\t\t\t\t\t\t\t<span>\n\t\t\t\t\t\t\t\t\t<span><p>Nous offrons \u00e0 nos nouveaux clients un pack d&#039;\u00e9chantillons gratuit avec leurs textiles choisis \u00e0 l&#039;int\u00e9rieur, afin qu&#039;ils puissent tester nos produits et exp\u00e9rimenter notre qualit\u00e9 sans avoir \u00e0 payer le prix fort pour une commande en gros. Voir c&#039;est croire, nous trouvons qu&#039;il est tr\u00e8s important d&#039;aider les clients \u00e0 v\u00e9rifier si nos textiles r\u00e9pondent \u00e0 leurs besoins gr\u00e2ce \u00e0 un essai gratuit d&#039;\u00e9chantillons. Cela aidera \u00e0 \u00e9viter de nombreux tracas et \u00e0 renforcer la confiance.<\/p><\/span>\t\t\t\t\t\t\t\t\t<\/span>\n\t\t\t\t\t\t\t\t<\/div>\n\t\t\t\t\t\t\t<\/div>\n\t\t\t\t\t\t\t\t\t\t\t\t\t\t<div id=\"uael-accordion-1f248ab\" class=\"uael-faq-accordion\" role=\"tablist\">\n\t\t\t\t\t\t\t\t<div class= \"uael-accordion-title\" aria-expanded=\"false\" role=\"tab\">\n\t\t\t\t\t\t\t\t\t<span class=\"uael-accordion-icon uael-accordion-icon-left\">\n\t\t\t\t\t\t\t\t\t\t<span class=\"uael-accordion-icon-closed\"><i class=\"fas fa-angle-right\"><\/i><\/span>\n\t\t\t\t\t\t\t\t\t\t<span class=\"uael-accordion-icon-opened\"><i class=\"fas fa-angle-up\"><\/i><\/span>\n\t\t\t\t\t\t\t\t\t<\/span>\n\t\t\t\t\t\t\t\t\t<span class=\"uael-question-1f248ab uael-question-span\" tabindex=\"0\" id=\"uael-faq-2-69d38accd7441\">Y a-t-il des frais suppl\u00e9mentaires pour mon essai d&#039;\u00e9chantillon\u00a0?<\/span>\n\t\t\t\t\t\t\t\t<\/div>\n\t\t\t\t\t\t\t\t<div class=\"uael-accordion-content\" role=\"tabpanel\">\n\t\t\t\t\t\t\t\t\t<span>\n\t\t\t\t\t\t\t\t\t<span><p>Tout d&#039;abord, ces paires d&#039;\u00e9chantillons de textiles sont totalement gratuites, mais il y a toujours des frais d&#039;exp\u00e9dition \u00e0 votre charge. Cependant, en tant que partenaire \u00e0 long terme de la logistique multinationale, nous vous proposerons la solution d&#039;exp\u00e9dition la plus avantageuse et minimiserons vos co\u00fbts. Nous appr\u00e9cions vraiment votre compr\u00e9hension.<\/p><\/span>\t\t\t\t\t\t\t\t\t<\/span>\n\t\t\t\t\t\t\t\t<\/div>\n\t\t\t\t\t\t\t<\/div>\n\t\t\t\t\t\t\t\t\t\t\t\t\t\t<div id=\"uael-accordion-484fca0\" class=\"uael-faq-accordion\" role=\"tablist\">\n\t\t\t\t\t\t\t\t<div class= \"uael-accordion-title\" aria-expanded=\"false\" role=\"tab\">\n\t\t\t\t\t\t\t\t\t<span class=\"uael-accordion-icon uael-accordion-icon-left\">\n\t\t\t\t\t\t\t\t\t\t<span class=\"uael-accordion-icon-closed\"><i class=\"fas fa-angle-right\"><\/i><\/span>\n\t\t\t\t\t\t\t\t\t\t<span class=\"uael-accordion-icon-opened\"><i class=\"fas fa-angle-up\"><\/i><\/span>\n\t\t\t\t\t\t\t\t\t<\/span>\n\t\t\t\t\t\t\t\t\t<span class=\"uael-question-484fca0 uael-question-span\" tabindex=\"0\" id=\"uael-faq-3-69d38accd74b8\">Combien de temps puis-je recevoir mon \u00e9chantillon gratuit ?<\/span>\n\t\t\t\t\t\t\t\t<\/div>\n\t\t\t\t\t\t\t\t<div class=\"uael-accordion-content\" role=\"tabpanel\">\n\t\t\t\t\t\t\t\t\t<span>\n\t\t\t\t\t\t\t\t\t<span><p>Les \u00e9chantillons seront g\u00e9n\u00e9ralement pr\u00eats en 48 heures et l&#039;exp\u00e9dition prendra 3 \u00e0 8 jours pour arriver sur votre site en raison des diff\u00e9rentes r\u00e9gions. Nous ferons de notre mieux pour vous aider \u00e0 recevoir vos \u00e9chantillons d\u00e8s que possible.<\/p><\/span>\t\t\t\t\t\t\t\t\t<\/span>\n\t\t\t\t\t\t\t\t<\/div>\n\t\t\t\t\t\t\t<\/div>\n\t\t\t\t\t\t\t\t\t\t\t<\/div>\n\t\t\t<\/div>\n\t\t\t\t\t\t\t<\/div>\n\t\t\t\t<\/div>\n\t\t\t\t\t<\/div>\n\t\t<\/div>\n\t\t\t\t<div class=\"elementor-column elementor-col-50 elementor-top-column elementor-element elementor-element-65853c3\" data-id=\"65853c3\" data-element_type=\"column\" data-settings=\"{&quot;background_background&quot;:&quot;classic&quot;}\">\n\t\t\t<div class=\"elementor-widget-wrap elementor-element-populated\">\n\t\t\t\t\t\t<div class=\"elementor-element elementor-element-1556bc8 elementor-widget elementor-widget-heading\" data-id=\"1556bc8\" data-element_type=\"widget\" data-widget_type=\"heading.default\">\n\t\t\t\t<div class=\"elementor-widget-container\">\n\t\t\t\t\t<h2 class=\"elementor-heading-title elementor-size-default\">Obtenez des \u00e9chantillons\u00a0! Citations ou n&#039;importe quoi !<\/h2>\t\t\t\t<\/div>\n\t\t\t\t<\/div>\n\t\t\t\t<div class=\"elementor-element elementor-element-d151c88 elementor-widget elementor-widget-wp-widget-wpforms-widget\" data-id=\"d151c88\" data-element_type=\"widget\" data-widget_type=\"wp-widget-wpforms-widget.default\">\n\t\t\t\t<div class=\"elementor-widget-container\">\n\t\t\t\t\t<div class=\"wpforms-container wpforms-container-full\" id=\"wpforms-211\"><form id=\"wpforms-form-211\" class=\"wpforms-validate wpforms-form wpforms-ajax-form\" data-formid=\"211\" method=\"post\" enctype=\"multipart\/form-data\" action=\"\/fr\/wp-json\/wp\/v2\/pages\/212\" data-token=\"48bac550cbb7e12f153bd618038039f5\" data-token-time=\"1775489013\" data-trp-original-action=\"\/fr\/wp-json\/wp\/v2\/pages\/212\"><noscript class=\"wpforms-error-noscript\">Veuillez activer JavaScript dans votre navigateur pour remplir ce formulaire.<\/noscript><div class=\"wpforms-field-container\"><div id=\"wpforms-211-field_0-container\" class=\"wpforms-field wpforms-field-name\" data-field-id=\"0\"><label class=\"wpforms-field-label wpforms-label-hide\" for=\"wpforms-211-field_0\">votre nom <span class=\"wpforms-required-label\">*<\/span><\/label><input type=\"text\" id=\"wpforms-211-field_0\" class=\"wpforms-field-large wpforms-field-required\" name=\"wpforms[fields][0]\" placeholder=\"Votre nom*\" required><\/div><div id=\"wpforms-211-field_1-container\" class=\"wpforms-field wpforms-field-email\" data-field-id=\"1\"><label class=\"wpforms-field-label wpforms-label-hide\" for=\"wpforms-211-field_1\">Votre e-mail <span class=\"wpforms-required-label\">*<\/span><\/label><input type=\"email\" id=\"wpforms-211-field_1\" class=\"wpforms-field-large wpforms-field-required\" name=\"wpforms[fields][1]\" placeholder=\"Votre e-mail *\" spellcheck=\"false\" required><\/div><div id=\"wpforms-211-field_3-container\" class=\"wpforms-field wpforms-field-number\" data-field-id=\"3\"><label class=\"wpforms-field-label wpforms-label-hide\" for=\"wpforms-211-field_3\">T\u00e9l<\/label><input type=\"number\" id=\"wpforms-211-field_3\" class=\"wpforms-field-large\" name=\"wpforms[fields][3]\" placeholder=\"Votre t\u00e9l\" step=\"any\" ><\/div><div id=\"wpforms-211-field_4-container\" class=\"wpforms-field wpforms-field-select wpforms-field-select-style-classic\" data-field-id=\"4\"><label class=\"wpforms-field-label wpforms-label-hide\" for=\"wpforms-211-field_4\">Votre identit\u00e9<\/label><select id=\"wpforms-211-field_4\" class=\"wpforms-field-large\" name=\"wpforms[fields][4]\"><option value=\"\" class=\"placeholder\" disabled selected='selected'>Votre identit\u00e9<\/option><option value=\"Individual Buyer\"  class=\"choice-1 depth-1\"  >Acheteur Particulier<\/option><option value=\"Corporate Buyer\"  class=\"choice-2 depth-1\"  >Acheteur Entreprise<\/option><option value=\"Dealer\"  class=\"choice-3 depth-1\"  >Marchand<\/option><option value=\"Other\"  class=\"choice-4 depth-1\"  >Autre<\/option><\/select><\/div><div id=\"wpforms-211-field_5-container\" class=\"wpforms-field wpforms-field-select wpforms-field-select-style-classic\" data-field-id=\"5\"><label class=\"wpforms-field-label wpforms-label-hide\" for=\"wpforms-211-field_5\">\u00c9l\u00e9ment de demande<\/label><select id=\"wpforms-211-field_5\" class=\"wpforms-field-large\" name=\"wpforms[fields][5]\"><option value=\"\" class=\"placeholder\" disabled selected='selected'>\u00c9l\u00e9ment de demande<\/option><option value=\"Home Textile\"  class=\"choice-1 depth-1\"  >Textile de maison<\/option><option value=\"Military Fabric\"  class=\"choice-8 depth-1\"  >Tissu militaire<\/option><option value=\"Tent Fabric\"  class=\"choice-9 depth-1\"  >Tissu de tente<\/option><option value=\"Other\"  class=\"choice-10 depth-1\"  >Autre<\/option><\/select><\/div><div id=\"wpforms-211-field_2-container\" class=\"wpforms-field wpforms-field-textarea\" data-field-id=\"2\"><label class=\"wpforms-field-label wpforms-label-hide\" for=\"wpforms-211-field_2\">Commentaire ou message<\/label><textarea id=\"wpforms-211-field_2\" class=\"wpforms-field-small\" name=\"wpforms[fields][2]\" placeholder=\"Laissez votre message ici\" ><\/textarea><\/div><\/div><!-- .wpforms-field-container --><div class=\"wpforms-recaptcha-container wpforms-is-turnstile\" ><div class=\"wpforms-turnstile\" data-sitekey=\"0x4AAAAAAAIPdu-HTpAdD8Zc\" data-action=\"FormID-211\"><\/div><input type=\"text\" name=\"g-recaptcha-hidden\" class=\"wpforms-recaptcha-hidden\" style=\"position:absolute!important;clip:rect(0,0,0,0)!important;height:1px!important;width:1px!important;border:0!important;overflow:hidden!important;padding:0!important;margin:0!important;\" data-rule-turnstile=\"1\"><\/div><div class=\"wpforms-submit-container\" ><input type=\"hidden\" name=\"wpforms[id]\" value=\"211\"><input type=\"hidden\" name=\"page_title\" value=\"\"><input type=\"hidden\" name=\"page_url\" value=\"https:\/\/ur-textiles.com\/fr\/wp-json\/wp\/v2\/pages\/212\"><input type=\"hidden\" name=\"url_referer\" value=\"\"><button type=\"submit\" name=\"wpforms[submit]\" id=\"wpforms-submit-211\" class=\"wpforms-submit\" data-alt-text=\"Sending...\" data-submit-text=\"Submit\" aria-live=\"assertive\" value=\"wpforms-submit\">Soumettre<\/button><img loading=\"lazy\" decoding=\"async\" src=\"https:\/\/ur-textiles.com\/wp-content\/plugins\/wpforms-lite\/assets\/images\/submit-spin.svg\" class=\"wpforms-submit-spinner\" style=\"display: none;\" width=\"26\" height=\"26\" alt=\"Chargement en cours\" title=\"\"><\/div><input type=\"hidden\" name=\"trp-form-language\" value=\"fr\"\/><\/form><\/div>  <!-- .wpforms-container -->\t\t\t\t<\/div>\n\t\t\t\t<\/div>\n\t\t\t\t\t<\/div>\n\t\t<\/div>\n\t\t\t\t\t<\/div>\n\t\t<\/section>\n\t\t\t\t<\/div>","protected":false},"excerpt":{"rendered":"<p>UR Textiles Inquiry Flexible Textiles Solution Supplier Get Your New Sample Satisfaction is an essential element when buying something. And satisfaction comes from experiencing. To fulfill this requirement, UR are willing to send our buyers free samples so that they can see the quality for themselves and then order from us after knowing what they [&hellip;]<\/p>","protected":false},"author":1,"featured_media":220,"parent":0,"menu_order":0,"comment_status":"closed","ping_status":"closed","template":"","meta":{"site-sidebar-layout":"no-sidebar","site-content-layout":"page-builder","ast-site-content-layout":"default","site-content-style":"default","site-sidebar-style":"default","ast-global-header-display":"","ast-banner-title-visibility":"","ast-main-header-display":"","ast-hfb-above-header-display":"","ast-hfb-below-header-display":"","ast-hfb-mobile-header-display":"","site-post-title":"disabled","ast-breadcrumbs-content":"","ast-featured-img":"disabled","footer-sml-layout":"","ast-disable-related-posts":"","theme-transparent-header-meta":"default","adv-header-id-meta":"","stick-header-meta":"","header-above-stick-meta":"","header-main-stick-meta":"","header-below-stick-meta":"","astra-migrate-meta-layouts":"default","ast-page-background-enabled":"default","ast-page-background-meta":{"desktop":{"background-color":"","background-image":"","background-repeat":"repeat","background-position":"center center","background-size":"auto","background-attachment":"scroll","background-type":"","background-media":"","overlay-type":"","overlay-color":"","overlay-opacity":"","overlay-gradient":""},"tablet":{"background-color":"","background-image":"","background-repeat":"repeat","background-position":"center center","background-size":"auto","background-attachment":"scroll","background-type":"","background-media":"","overlay-type":"","overlay-color":"","overlay-opacity":"","overlay-gradient":""},"mobile":{"background-color":"","background-image":"","background-repeat":"repeat","background-position":"center center","background-size":"auto","background-attachment":"scroll","background-type":"","background-media":"","overlay-type":"","overlay-color":"","overlay-opacity":"","overlay-gradient":""}},"ast-content-background-meta":{"desktop":{"background-color":"var(--ast-global-color-5)","background-image":"","background-repeat":"repeat","background-position":"center center","background-size":"auto","background-attachment":"scroll","background-type":"","background-media":"","overlay-type":"","overlay-color":"","overlay-opacity":"","overlay-gradient":""},"tablet":{"background-color":"var(--ast-global-color-5)","background-image":"","background-repeat":"repeat","background-position":"center center","background-size":"auto","background-attachment":"scroll","background-type":"","background-media":"","overlay-type":"","overlay-color":"","overlay-opacity":"","overlay-gradient":""},"mobile":{"background-color":"var(--ast-global-color-5)","background-image":"","background-repeat":"repeat","background-position":"center center","background-size":"auto","background-attachment":"scroll","background-type":"","background-media":"","overlay-type":"","overlay-color":"","overlay-opacity":"","overlay-gradient":""}},"footnotes":""},"class_list":["post-212","page","type-page","status-publish","has-post-thumbnail","hentry"],"_links":{"self":[{"href":"https:\/\/ur-textiles.com\/fr\/wp-json\/wp\/v2\/pages\/212","targetHints":{"allow":["GET"]}}],"collection":[{"href":"https:\/\/ur-textiles.com\/fr\/wp-json\/wp\/v2\/pages"}],"about":[{"href":"https:\/\/ur-textiles.com\/fr\/wp-json\/wp\/v2\/types\/page"}],"author":[{"embeddable":true,"href":"https:\/\/ur-textiles.com\/fr\/wp-json\/wp\/v2\/users\/1"}],"replies":[{"embeddable":true,"href":"https:\/\/ur-textiles.com\/fr\/wp-json\/wp\/v2\/comments?post=212"}],"version-history":[{"count":17,"href":"https:\/\/ur-textiles.com\/fr\/wp-json\/wp\/v2\/pages\/212\/revisions"}],"predecessor-version":[{"id":933,"href":"https:\/\/ur-textiles.com\/fr\/wp-json\/wp\/v2\/pages\/212\/revisions\/933"}],"wp:featuredmedia":[{"embeddable":true,"href":"https:\/\/ur-textiles.com\/fr\/wp-json\/wp\/v2\/media\/220"}],"wp:attachment":[{"href":"https:\/\/ur-textiles.com\/fr\/wp-json\/wp\/v2\/media?parent=212"}],"curies":[{"name":"wp","href":"https:\/\/api.w.org\/{rel}","templated":true}]}}