{"id":4053,"date":"2022-07-15T01:42:37","date_gmt":"2022-07-15T01:42:37","guid":{"rendered":"https:\/\/www.ur-textiles.com\/?post_type=product&#038;p=4053"},"modified":"2022-07-15T01:44:06","modified_gmt":"2022-07-15T01:44:06","slug":"zebra-curtain-fabric-manufacturers-in-china","status":"publish","type":"product","link":"https:\/\/ur-textiles.com\/es\/producto\/zebra-curtain-fabric-manufacturers-in-china\/","title":{"rendered":"fabricantes de telas para cortinas de cebra en China"},"content":{"rendered":"<h2 style=\"text-align: center;\">fabricantes de telas para cortinas de cebra en China<\/h2>\n<p style=\"text-align: center;\"><img fetchpriority=\"high\" decoding=\"async\" class=\"alignnone size-full wp-image-4061 alignleft\" src=\"https:\/\/ur-textiles.com\/wp-content\/uploads\/2022\/07\/31.jpg\" alt=\"\" width=\"1117\" height=\"206\" title=\"\" srcset=\"https:\/\/ur-textiles.com\/wp-content\/uploads\/2022\/07\/31.jpg 1117w, https:\/\/ur-textiles.com\/wp-content\/uploads\/2022\/07\/31-300x55.jpg 300w, https:\/\/ur-textiles.com\/wp-content\/uploads\/2022\/07\/31-1024x189.jpg 1024w, https:\/\/ur-textiles.com\/wp-content\/uploads\/2022\/07\/31-768x142.jpg 768w, https:\/\/ur-textiles.com\/wp-content\/uploads\/2022\/07\/31-18x3.jpg 18w, https:\/\/ur-textiles.com\/wp-content\/uploads\/2022\/07\/31-600x111.jpg 600w\" sizes=\"(max-width: 1117px) 100vw, 1117px\" \/><\/p>\n<p>&nbsp;<\/p>\n<p>&nbsp;<\/p>\n<p>&nbsp;<\/p>\n<p>&nbsp;<\/p>\n<p><span class=\"\">\u00b7 Color de tela innovador, en l\u00ednea con la moda internacional;<\/span><br \/>\n<span class=\"\">\u00b7 Tacto suave, efecto visual c\u00e1lido y lujoso;<\/span><br \/>\n<span class=\"\">\u00b7 Usando tecnolog\u00eda de procesamiento especial para producir hilo, la tela tejida tiene un tacto suave natural,<\/span><span class=\"\">y al mismo tiempo soluciona la arruga de la tela, <\/span><span class=\"\">Con el maravilloso dise\u00f1o de color, la elegancia inherente y la lujosa calidad de las telas, se revela lentamente una especie de temperamento solitario y lujoso.<\/span><\/p>\n<p style=\"text-align: left;\"><img decoding=\"async\" class=\"alignnone size-full wp-image-4062\" src=\"https:\/\/ur-textiles.com\/wp-content\/uploads\/2022\/07\/32.jpg\" alt=\"\" width=\"963\" height=\"204\" title=\"\" srcset=\"https:\/\/ur-textiles.com\/wp-content\/uploads\/2022\/07\/32.jpg 963w, https:\/\/ur-textiles.com\/wp-content\/uploads\/2022\/07\/32-300x64.jpg 300w, https:\/\/ur-textiles.com\/wp-content\/uploads\/2022\/07\/32-768x163.jpg 768w, https:\/\/ur-textiles.com\/wp-content\/uploads\/2022\/07\/32-18x4.jpg 18w, https:\/\/ur-textiles.com\/wp-content\/uploads\/2022\/07\/32-600x127.jpg 600w\" sizes=\"(max-width: 963px) 100vw, 963px\" \/><\/p>\n<div class=\"row\">\n<div class=\"col-12\">\n<div class=\"row\">\n<div class=\"col-xl-9\">\n<div class=\"row\">\n<div class=\"col-12\">\n<p class=\"goods_desc\">\u00b7 Dise\u00f1o estructural innovador: ligero, transpirable y opaco;<br \/>\n\u00b7 Liso y no descascarillado. Es m\u00e1s suave en el sentido visual y tiene la textura, el brillo y el drapeado del sat\u00e9n al mismo tiempo, brindando a las personas una sensaci\u00f3n flexible y elegante;<br \/>\n\u00b7 Usando el popular m\u00e9todo de tejido de hilo de dos tonos TWO TONE, tiene un encanto nativo y natural, pero no rompe el sentido general original de simplicidad.<\/p>\n<\/div>\n<\/div>\n<\/div>\n<\/div>\n<\/div>\n<\/div>\n<p style=\"text-align: left;\"><img decoding=\"async\" class=\"alignnone size-full wp-image-4063\" src=\"https:\/\/ur-textiles.com\/wp-content\/uploads\/2022\/07\/33.jpg\" alt=\"\" width=\"1112\" height=\"205\" title=\"\" srcset=\"https:\/\/ur-textiles.com\/wp-content\/uploads\/2022\/07\/33.jpg 1112w, https:\/\/ur-textiles.com\/wp-content\/uploads\/2022\/07\/33-300x55.jpg 300w, https:\/\/ur-textiles.com\/wp-content\/uploads\/2022\/07\/33-1024x189.jpg 1024w, https:\/\/ur-textiles.com\/wp-content\/uploads\/2022\/07\/33-768x142.jpg 768w, https:\/\/ur-textiles.com\/wp-content\/uploads\/2022\/07\/33-18x3.jpg 18w, https:\/\/ur-textiles.com\/wp-content\/uploads\/2022\/07\/33-600x111.jpg 600w\" sizes=\"(max-width: 1112px) 100vw, 1112px\" \/><\/p>\n<p>\u00b7Adopci\u00f3n de hilo especial importado del extranjero, estrictamente controlado por 14 procesos, y luego fijado a alta temperatura;<br \/>\n\u00b7Suave y sin desprendimiento. Es m\u00e1s suave en el sentido visual y tiene la textura, el brillo y el drapeado del sat\u00e9n al mismo tiempo, brindando a las personas una sensaci\u00f3n flexible y elegante;<br \/>\n\u00b7 Usando el popular m\u00e9todo de tejido de hilo de dos tonos TWO TONE, tiene un encanto nativo y natural, pero no rompe el sentido general original de simplicidad.<\/p>\n<p style=\"text-align: left;\"><img loading=\"lazy\" decoding=\"async\" class=\"alignnone size-full wp-image-4064\" src=\"https:\/\/ur-textiles.com\/wp-content\/uploads\/2022\/07\/34.jpg\" alt=\"\" width=\"960\" height=\"201\" title=\"\" srcset=\"https:\/\/ur-textiles.com\/wp-content\/uploads\/2022\/07\/34.jpg 960w, https:\/\/ur-textiles.com\/wp-content\/uploads\/2022\/07\/34-300x63.jpg 300w, https:\/\/ur-textiles.com\/wp-content\/uploads\/2022\/07\/34-768x161.jpg 768w, https:\/\/ur-textiles.com\/wp-content\/uploads\/2022\/07\/34-18x4.jpg 18w, https:\/\/ur-textiles.com\/wp-content\/uploads\/2022\/07\/34-600x126.jpg 600w\" sizes=\"(max-width: 960px) 100vw, 960px\" \/><\/p>\n<p><span class=\"\">\u00b7Adopci\u00f3n de hilo especial importado del extranjero, estrictamente controlado por 14 procesos, y luego fijado a alta temperatura;<\/span><br \/>\n<span class=\"\">\u00b7Suave y sin desprendimiento.\u00a0<\/span>Es m\u00e1s suave en el sentido visual y tiene la textura, el brillo y el drapeado del sat\u00e9n al mismo tiempo, brindando a las personas una sensaci\u00f3n flexible y elegante;<br \/>\n\u00b7 Usando el popular m\u00e9todo de tejido de hilo de dos tonos TWO TONE, tiene un encanto nativo y natural, pero no rompe el sentido general original de simplicidad.<\/p>\n<p style=\"text-align: left;\"><img loading=\"lazy\" decoding=\"async\" class=\"alignnone size-full wp-image-4065\" src=\"https:\/\/ur-textiles.com\/wp-content\/uploads\/2022\/07\/35.jpg\" alt=\"\" width=\"496\" height=\"195\" title=\"\" srcset=\"https:\/\/ur-textiles.com\/wp-content\/uploads\/2022\/07\/35.jpg 496w, https:\/\/ur-textiles.com\/wp-content\/uploads\/2022\/07\/35-300x118.jpg 300w, https:\/\/ur-textiles.com\/wp-content\/uploads\/2022\/07\/35-18x7.jpg 18w\" sizes=\"(max-width: 496px) 100vw, 496px\" \/><\/p>\n<p><span class=\"\">\u00b7 Adopte una tela base anti-dentadura, la tela base tiene una textura similar a la lana, y la tela no es f\u00e1cil de sangrar cuando se enrolla el patr\u00f3n;<\/span><br \/>\n<span class=\"\">\u00b7 El dise\u00f1o del patr\u00f3n es exquisito y delicado, y la combinaci\u00f3n de colores es suave y c\u00f3moda;<\/span><br \/>\n<span class=\"\">\u00b7 Tejido delgado, la tela tiene buena planitud y parte de la gasa se trata con anti-v\u00e9rtigo, y la visi\u00f3n colgante es m\u00e1s c\u00f3moda.<\/span><\/p>\n<p><img loading=\"lazy\" decoding=\"async\" class=\"alignnone size-full wp-image-4066 alignleft\" style=\"font-style: inherit; font-weight: inherit; text-align: center;\" src=\"https:\/\/ur-textiles.com\/wp-content\/uploads\/2022\/07\/36.jpg\" alt=\"\" width=\"484\" height=\"192\" title=\"\" srcset=\"https:\/\/ur-textiles.com\/wp-content\/uploads\/2022\/07\/36.jpg 484w, https:\/\/ur-textiles.com\/wp-content\/uploads\/2022\/07\/36-300x119.jpg 300w, https:\/\/ur-textiles.com\/wp-content\/uploads\/2022\/07\/36-18x7.jpg 18w\" sizes=\"(max-width: 484px) 100vw, 484px\" \/><\/p>\n<p>&nbsp;<\/p>\n<p>&nbsp;<\/p>\n<p>&nbsp;<\/p>\n<p>&nbsp;<\/p>\n<p>&nbsp;<\/p>\n<p><span class=\"goog-text-highlight\">\u00b7 Al usar un n\u00facleo interno de fibra de vidrio, la tela tiene una alta resistencia mec\u00e1nica, buena planitud y alta resistencia al fuego, lo cual es muy adecuado para proyectos de herramientas;<\/span><br \/>\n<span class=\"goog-text-highlight\">\u00b7 Usando PVC de alta calidad y aditivos de protecci\u00f3n ambiental, la tela tiene un alto grado de resistencia al envejecimiento y puede soportar pruebas ambientales extremas como el fr\u00edo severo y el calor del sol;<\/span><br \/>\n<span class=\"goog-text-highlight\">\u00b7 Saludable y respetuoso con el medio ambiente, adecuado para una variedad de entornos de sombra en interiores, con una amplia gama de aplicaciones.<\/span><\/p>","protected":false},"excerpt":{"rendered":"<p>zebra curtain fabric manufacturers in China &nbsp; &nbsp; &nbsp; &nbsp; \u00b7 Innovative fabric color, in line with international fashion; \u00b7 Soft touch, warm and luxurious visual effect; \u00b7 Using special processing technology to produce yarn, the woven fabric has a natural soft touch,and at the same time solves the wrinkle of the fabric, With the [&hellip;]<\/p>","protected":false},"featured_media":4054,"comment_status":"open","ping_status":"closed","template":"","meta":{"site-sidebar-layout":"default","site-content-layout":"default","ast-site-content-layout":"default","site-content-style":"default","site-sidebar-style":"default","ast-global-header-display":"","ast-banner-title-visibility":"","ast-main-header-display":"","ast-hfb-above-header-display":"","ast-hfb-below-header-display":"","ast-hfb-mobile-header-display":"","site-post-title":"","ast-breadcrumbs-content":"","ast-featured-img":"","footer-sml-layout":"","ast-disable-related-posts":"","theme-transparent-header-meta":"default","adv-header-id-meta":"","stick-header-meta":"","header-above-stick-meta":"","header-main-stick-meta":"","header-below-stick-meta":"","astra-migrate-meta-layouts":"default","ast-page-background-enabled":"default","ast-page-background-meta":{"desktop":{"background-color":"","background-image":"","background-repeat":"repeat","background-position":"center center","background-size":"auto","background-attachment":"scroll","background-type":"","background-media":"","overlay-type":"","overlay-color":"","overlay-opacity":"","overlay-gradient":""},"tablet":{"background-color":"","background-image":"","background-repeat":"repeat","background-position":"center center","background-size":"auto","background-attachment":"scroll","background-type":"","background-media":"","overlay-type":"","overlay-color":"","overlay-opacity":"","overlay-gradient":""},"mobile":{"background-color":"","background-image":"","background-repeat":"repeat","background-position":"center center","background-size":"auto","background-attachment":"scroll","background-type":"","background-media":"","overlay-type":"","overlay-color":"","overlay-opacity":"","overlay-gradient":""}},"ast-content-background-meta":{"desktop":{"background-color":"var(--ast-global-color-5)","background-image":"","background-repeat":"repeat","background-position":"center center","background-size":"auto","background-attachment":"scroll","background-type":"","background-media":"","overlay-type":"","overlay-color":"","overlay-opacity":"","overlay-gradient":""},"tablet":{"background-color":"var(--ast-global-color-5)","background-image":"","background-repeat":"repeat","background-position":"center center","background-size":"auto","background-attachment":"scroll","background-type":"","background-media":"","overlay-type":"","overlay-color":"","overlay-opacity":"","overlay-gradient":""},"mobile":{"background-color":"var(--ast-global-color-5)","background-image":"","background-repeat":"repeat","background-position":"center center","background-size":"auto","background-attachment":"scroll","background-type":"","background-media":"","overlay-type":"","overlay-color":"","overlay-opacity":"","overlay-gradient":""}}},"product_brand":[],"product_cat":[100],"product_tag":[],"class_list":{"0":"post-4053","1":"product","2":"type-product","3":"status-publish","4":"has-post-thumbnail","6":"product_cat-curtain-fabric-wholesale","7":"desktop-align-left","8":"tablet-align-left","9":"mobile-align-left","11":"first","12":"instock","13":"shipping-taxable","14":"product-type-simple"},"_links":{"self":[{"href":"https:\/\/ur-textiles.com\/es\/wp-json\/wp\/v2\/product\/4053","targetHints":{"allow":["GET"]}}],"collection":[{"href":"https:\/\/ur-textiles.com\/es\/wp-json\/wp\/v2\/product"}],"about":[{"href":"https:\/\/ur-textiles.com\/es\/wp-json\/wp\/v2\/types\/product"}],"replies":[{"embeddable":true,"href":"https:\/\/ur-textiles.com\/es\/wp-json\/wp\/v2\/comments?post=4053"}],"wp:featuredmedia":[{"embeddable":true,"href":"https:\/\/ur-textiles.com\/es\/wp-json\/wp\/v2\/media\/4054"}],"wp:attachment":[{"href":"https:\/\/ur-textiles.com\/es\/wp-json\/wp\/v2\/media?parent=4053"}],"wp:term":[{"taxonomy":"product_brand","embeddable":true,"href":"https:\/\/ur-textiles.com\/es\/wp-json\/wp\/v2\/product_brand?post=4053"},{"taxonomy":"product_cat","embeddable":true,"href":"https:\/\/ur-textiles.com\/es\/wp-json\/wp\/v2\/product_cat?post=4053"},{"taxonomy":"product_tag","embeddable":true,"href":"https:\/\/ur-textiles.com\/es\/wp-json\/wp\/v2\/product_tag?post=4053"}],"curies":[{"name":"wp","href":"https:\/\/api.w.org\/{rel}","templated":true}]}}