{"id":2674,"date":"2022-06-14T02:32:24","date_gmt":"2022-06-14T02:32:24","guid":{"rendered":"https:\/\/www.ur-textiles.com\/?post_type=product&#038;p=2674"},"modified":"2022-07-01T00:35:58","modified_gmt":"2022-07-01T00:35:58","slug":"green-military-tent","status":"publish","type":"product","link":"https:\/\/ur-textiles.com\/es\/producto\/green-military-tent\/","title":{"rendered":"Los mejores fabricantes de material de tienda militar verde"},"content":{"rendered":"<h2>Fabricantes de material de carpa militar verde: <a href=\"https:\/\/ur-textiles.com\/es\/\">Textiles UR<\/a><\/h2>\n<p>&nbsp;<\/p>\n<p>Fabricamos <a href=\"https:\/\/www.amazon.com\/military-tent\/s?k=military+tent\" target=\"_blank\" rel=\"noopener\">tiendas de campa\u00f1a del ej\u00e9rcito<\/a> materiales en color verde oliva y color camuflaje que es impermeable y autoportante. Las tiendas militares son de dos, tres y cuatro capas, que son vadeables y f\u00e1ciles de transportar. Fabricamos y suministramos colores de regimiento tambi\u00e9n. ej\u00e9rcito impermeable, chamanismo y pared lateral en color militar y carpas militares en lona impermeable para acampar y perforar. carpas para simulacros de pruebas y desfiles.<\/p>","protected":false},"excerpt":{"rendered":"<p>Material del cuerpo: revestimiento de PU de lona Oxford<\/p>\n<p>Soporte: Tubo de acero<\/p>","protected":false},"featured_media":2676,"comment_status":"open","ping_status":"closed","template":"","meta":{"site-sidebar-layout":"default","site-content-layout":"default","ast-site-content-layout":"default","site-content-style":"default","site-sidebar-style":"default","ast-global-header-display":"","ast-banner-title-visibility":"","ast-main-header-display":"","ast-hfb-above-header-display":"","ast-hfb-below-header-display":"","ast-hfb-mobile-header-display":"","site-post-title":"","ast-breadcrumbs-content":"","ast-featured-img":"","footer-sml-layout":"","ast-disable-related-posts":"","theme-transparent-header-meta":"default","adv-header-id-meta":"","stick-header-meta":"","header-above-stick-meta":"","header-main-stick-meta":"","header-below-stick-meta":"","astra-migrate-meta-layouts":"default","ast-page-background-enabled":"default","ast-page-background-meta":{"desktop":{"background-color":"","background-image":"","background-repeat":"repeat","background-position":"center center","background-size":"auto","background-attachment":"scroll","background-type":"","background-media":"","overlay-type":"","overlay-color":"","overlay-opacity":"","overlay-gradient":""},"tablet":{"background-color":"","background-image":"","background-repeat":"repeat","background-position":"center center","background-size":"auto","background-attachment":"scroll","background-type":"","background-media":"","overlay-type":"","overlay-color":"","overlay-opacity":"","overlay-gradient":""},"mobile":{"background-color":"","background-image":"","background-repeat":"repeat","background-position":"center center","background-size":"auto","background-attachment":"scroll","background-type":"","background-media":"","overlay-type":"","overlay-color":"","overlay-opacity":"","overlay-gradient":""}},"ast-content-background-meta":{"desktop":{"background-color":"var(--ast-global-color-5)","background-image":"","background-repeat":"repeat","background-position":"center center","background-size":"auto","background-attachment":"scroll","background-type":"","background-media":"","overlay-type":"","overlay-color":"","overlay-opacity":"","overlay-gradient":""},"tablet":{"background-color":"var(--ast-global-color-5)","background-image":"","background-repeat":"repeat","background-position":"center center","background-size":"auto","background-attachment":"scroll","background-type":"","background-media":"","overlay-type":"","overlay-color":"","overlay-opacity":"","overlay-gradient":""},"mobile":{"background-color":"var(--ast-global-color-5)","background-image":"","background-repeat":"repeat","background-position":"center center","background-size":"auto","background-attachment":"scroll","background-type":"","background-media":"","overlay-type":"","overlay-color":"","overlay-opacity":"","overlay-gradient":""}}},"product_brand":[],"product_cat":[97],"product_tag":[],"class_list":{"0":"post-2674","1":"product","2":"type-product","3":"status-publish","4":"has-post-thumbnail","6":"product_cat-tent-fabric-wholesale","7":"desktop-align-left","8":"tablet-align-left","9":"mobile-align-left","11":"first","12":"instock","13":"shipping-taxable","14":"product-type-simple"},"_links":{"self":[{"href":"https:\/\/ur-textiles.com\/es\/wp-json\/wp\/v2\/product\/2674","targetHints":{"allow":["GET"]}}],"collection":[{"href":"https:\/\/ur-textiles.com\/es\/wp-json\/wp\/v2\/product"}],"about":[{"href":"https:\/\/ur-textiles.com\/es\/wp-json\/wp\/v2\/types\/product"}],"replies":[{"embeddable":true,"href":"https:\/\/ur-textiles.com\/es\/wp-json\/wp\/v2\/comments?post=2674"}],"wp:featuredmedia":[{"embeddable":true,"href":"https:\/\/ur-textiles.com\/es\/wp-json\/wp\/v2\/media\/2676"}],"wp:attachment":[{"href":"https:\/\/ur-textiles.com\/es\/wp-json\/wp\/v2\/media?parent=2674"}],"wp:term":[{"taxonomy":"product_brand","embeddable":true,"href":"https:\/\/ur-textiles.com\/es\/wp-json\/wp\/v2\/product_brand?post=2674"},{"taxonomy":"product_cat","embeddable":true,"href":"https:\/\/ur-textiles.com\/es\/wp-json\/wp\/v2\/product_cat?post=2674"},{"taxonomy":"product_tag","embeddable":true,"href":"https:\/\/ur-textiles.com\/es\/wp-json\/wp\/v2\/product_tag?post=2674"}],"curies":[{"name":"wp","href":"https:\/\/api.w.org\/{rel}","templated":true}]}}